{"id":8531,"date":"2025-10-02T20:03:01","date_gmt":"2025-10-02T18:03:01","guid":{"rendered":"https:\/\/www.bec-handball.fr\/BEC\/?page_id=8531"},"modified":"2025-11-13T23:58:52","modified_gmt":"2025-11-13T22:58:52","slug":"boutique-bec-handball","status":"publish","type":"page","link":"https:\/\/www.bec-handball.fr\/BEC\/boutique-bec-handball\/","title":{"rendered":"Boutique"},"content":{"rendered":"<div class=\"flex_column av_one_full  flex_column_div av-zero-column-padding first  avia-builder-el-0  avia-builder-el-no-sibling  \" style='border-radius:0px; '><p><article  class=\"iconbox iconbox_top av-no-box   avia-builder-el-1  el_before_av_textblock  avia-builder-el-first  \"  itemscope=\"itemscope\" itemtype=\"https:\/\/schema.org\/CreativeWork\" ><div class=\"iconbox_content\"><header class=\"entry-content-header\"><div class=\"iconbox_icon heading-color\" aria-hidden='true' data-av_icon='\ue859' data-av_iconfont='entypo-fontello'  style='background-color:#b02b2c; color:#ffffff; ' ><\/div><h3 class='iconbox_content_title  '  itemprop=\"headline\"  >BOUTIQUE DU CLUB DU BEC HANDBALL<\/h3><\/header><div class='iconbox_content_container  '  itemprop=\"text\"  ><\/div><\/div><footer class=\"entry-footer\"><\/footer><\/article><br \/>\n<section class=\"av_textblock_section \"  itemscope=\"itemscope\" itemtype=\"https:\/\/schema.org\/CreativeWork\" ><div class='avia_textblock  '   itemprop=\"text\" ><p>Soutenez les projets du club en portant nos couleurs ! En achetant les produits \u00e0 l&rsquo;effigie du BEC Handball sur la boutique, vous permettez \u00e0 nos projets de voir le jour et \u00e0 notre club de grandir.<\/p>\n<h5><\/h5>\n<h5>\ud83d\udce6 Informations de livraison :<\/h5>\n<ul>\n<li>D\u00e9lai : entre 3 et 6 semaines<\/li>\n<li>Lieux et horaires : sur un <a href=\"https:\/\/www.bec-handball.fr\/BEC\/entrainements-2\/\">lieu et cr\u00e9neau d&rsquo;entra\u00eenement<\/a> au choix (convenu ensemble quelques jours avant la livraison)<\/li>\n<\/ul>\n<h5>\ud83c\udff7\ufe0f\u00a0Promotions :<\/h5>\n<ul>\n<li>Les sacs \u00e0 dos et sacs de sport sont en promotion (dans la limite du stock disponible)<\/li>\n<\/ul>\n<p>\u2709\ufe0f Pour toute question sur la boutique, hors passage de commande, contactez-nous : <a href=\"mailto:boutique@bec-handball.fr\">boutique@bec-handball.fr<\/a><br \/>\n<br class=\"avia-permanent-lb\" \/><\/p>\n<\/div><\/section><br \/>\n<\/p><\/div>\n","protected":false},"excerpt":{"rendered":"<p>Les deux boutiques du BEC-HANDBALL aux couleurs de la section<\/p>\n","protected":false},"author":25,"featured_media":8532,"parent":0,"menu_order":36,"comment_status":"closed","ping_status":"closed","template":"","meta":{"footnotes":""},"class_list":["post-8531","page","type-page","status-publish","has-post-thumbnail","hentry"],"yoast_head":"<!-- This site is optimized with the Yoast SEO plugin v27.4 - https:\/\/yoast.com\/product\/yoast-seo-wordpress\/ -->\n<title>Boutique - BEC-HANDBALL club<\/title>\n<meta name=\"description\" content=\"Avec la boutique club du bec handball, portez nos couleurs et soutenez nos projets ! Vous y trouverez des sweats, des tee-shirts, des sacs,...\" \/>\n<meta name=\"robots\" content=\"index, follow, max-snippet:-1, max-image-preview:large, max-video-preview:-1\" \/>\n<link rel=\"canonical\" href=\"https:\/\/www.bec-handball.fr\/BEC\/boutique-bec-handball\/\" \/>\n<meta property=\"og:locale\" content=\"fr_FR\" \/>\n<meta property=\"og:type\" content=\"article\" \/>\n<meta property=\"og:title\" content=\"Boutique - BEC-HANDBALL club\" \/>\n<meta property=\"og:description\" content=\"Avec la boutique club du bec handball, portez nos couleurs et soutenez nos projets ! Vous y trouverez des sweats, des tee-shirts, des sacs,...\" \/>\n<meta property=\"og:url\" content=\"https:\/\/www.bec-handball.fr\/BEC\/boutique-bec-handball\/\" \/>\n<meta property=\"og:site_name\" content=\"BEC-HANDBALL\" \/>\n<meta property=\"article:publisher\" content=\"https:\/\/www.facebook.com\/BordeauxEtudiantsClubHandball\" \/>\n<meta property=\"article:modified_time\" content=\"2025-11-13T22:58:52+00:00\" \/>\n<meta property=\"og:image\" content=\"https:\/\/www.bec-handball.fr\/BEC\/wp-content\/uploads\/2025\/10\/BEC-Sweat.png\" \/>\n\t<meta property=\"og:image:width\" content=\"1080\" \/>\n\t<meta property=\"og:image:height\" content=\"1080\" \/>\n\t<meta property=\"og:image:type\" content=\"image\/png\" \/>\n<meta name=\"twitter:card\" content=\"summary_large_image\" \/>\n<meta name=\"twitter:site\" content=\"@BECHandBall\" \/>\n<meta name=\"twitter:label1\" content=\"Dur\u00e9e de lecture estim\u00e9e\" \/>\n\t<meta name=\"twitter:data1\" content=\"2 minutes\" \/>\n<script type=\"application\/ld+json\" class=\"yoast-schema-graph\">{\"@context\":\"https:\\\/\\\/schema.org\",\"@graph\":[{\"@type\":\"WebPage\",\"@id\":\"https:\\\/\\\/www.bec-handball.fr\\\/BEC\\\/boutique-bec-handball\\\/\",\"url\":\"https:\\\/\\\/www.bec-handball.fr\\\/BEC\\\/boutique-bec-handball\\\/\",\"name\":\"Boutique - BEC-HANDBALL club\",\"isPartOf\":{\"@id\":\"https:\\\/\\\/www.bec-handball.fr\\\/BEC\\\/#website\"},\"primaryImageOfPage\":{\"@id\":\"https:\\\/\\\/www.bec-handball.fr\\\/BEC\\\/boutique-bec-handball\\\/#primaryimage\"},\"image\":{\"@id\":\"https:\\\/\\\/www.bec-handball.fr\\\/BEC\\\/boutique-bec-handball\\\/#primaryimage\"},\"thumbnailUrl\":\"https:\\\/\\\/www.bec-handball.fr\\\/BEC\\\/wp-content\\\/uploads\\\/2025\\\/10\\\/BEC-Sweat.png\",\"datePublished\":\"2025-10-02T18:03:01+00:00\",\"dateModified\":\"2025-11-13T22:58:52+00:00\",\"description\":\"Avec la boutique club du bec handball, portez nos couleurs et soutenez nos projets ! Vous y trouverez des sweats, des tee-shirts, des sacs,...\",\"breadcrumb\":{\"@id\":\"https:\\\/\\\/www.bec-handball.fr\\\/BEC\\\/boutique-bec-handball\\\/#breadcrumb\"},\"inLanguage\":\"fr-FR\",\"potentialAction\":[{\"@type\":\"ReadAction\",\"target\":[\"https:\\\/\\\/www.bec-handball.fr\\\/BEC\\\/boutique-bec-handball\\\/\"]}]},{\"@type\":\"ImageObject\",\"inLanguage\":\"fr-FR\",\"@id\":\"https:\\\/\\\/www.bec-handball.fr\\\/BEC\\\/boutique-bec-handball\\\/#primaryimage\",\"url\":\"https:\\\/\\\/www.bec-handball.fr\\\/BEC\\\/wp-content\\\/uploads\\\/2025\\\/10\\\/BEC-Sweat.png\",\"contentUrl\":\"https:\\\/\\\/www.bec-handball.fr\\\/BEC\\\/wp-content\\\/uploads\\\/2025\\\/10\\\/BEC-Sweat.png\",\"width\":1080,\"height\":1080},{\"@type\":\"BreadcrumbList\",\"@id\":\"https:\\\/\\\/www.bec-handball.fr\\\/BEC\\\/boutique-bec-handball\\\/#breadcrumb\",\"itemListElement\":[{\"@type\":\"ListItem\",\"position\":1,\"name\":\"Accueil\",\"item\":\"https:\\\/\\\/www.bec-handball.fr\\\/BEC\\\/\"},{\"@type\":\"ListItem\",\"position\":2,\"name\":\"Boutique\"}]},{\"@type\":\"WebSite\",\"@id\":\"https:\\\/\\\/www.bec-handball.fr\\\/BEC\\\/#website\",\"url\":\"https:\\\/\\\/www.bec-handball.fr\\\/BEC\\\/\",\"name\":\"BEC-HANDBALL\",\"description\":\"\",\"publisher\":{\"@id\":\"https:\\\/\\\/www.bec-handball.fr\\\/BEC\\\/#organization\"},\"potentialAction\":[{\"@type\":\"SearchAction\",\"target\":{\"@type\":\"EntryPoint\",\"urlTemplate\":\"https:\\\/\\\/www.bec-handball.fr\\\/BEC\\\/?s={search_term_string}\"},\"query-input\":{\"@type\":\"PropertyValueSpecification\",\"valueRequired\":true,\"valueName\":\"search_term_string\"}}],\"inLanguage\":\"fr-FR\"},{\"@type\":\"Organization\",\"@id\":\"https:\\\/\\\/www.bec-handball.fr\\\/BEC\\\/#organization\",\"name\":\"BEC-HANDBALL\",\"url\":\"https:\\\/\\\/www.bec-handball.fr\\\/BEC\\\/\",\"logo\":{\"@type\":\"ImageObject\",\"inLanguage\":\"fr-FR\",\"@id\":\"https:\\\/\\\/www.bec-handball.fr\\\/BEC\\\/#\\\/schema\\\/logo\\\/image\\\/\",\"url\":\"https:\\\/\\\/www.bec-handball.fr\\\/BEC\\\/wp-content\\\/uploads\\\/2023\\\/07\\\/cropped-LOGO-BEC-CARRE-WEB.png\",\"contentUrl\":\"https:\\\/\\\/www.bec-handball.fr\\\/BEC\\\/wp-content\\\/uploads\\\/2023\\\/07\\\/cropped-LOGO-BEC-CARRE-WEB.png\",\"width\":512,\"height\":512,\"caption\":\"BEC-HANDBALL\"},\"image\":{\"@id\":\"https:\\\/\\\/www.bec-handball.fr\\\/BEC\\\/#\\\/schema\\\/logo\\\/image\\\/\"},\"sameAs\":[\"https:\\\/\\\/www.facebook.com\\\/BordeauxEtudiantsClubHandball\",\"https:\\\/\\\/x.com\\\/BECHandBall\",\"https:\\\/\\\/www.instagram.com\\\/bechandball\\\/\"]}]}<\/script>\n<!-- \/ Yoast SEO plugin. -->","yoast_head_json":{"title":"Boutique - BEC-HANDBALL club","description":"Avec la boutique club du bec handball, portez nos couleurs et soutenez nos projets ! Vous y trouverez des sweats, des tee-shirts, des sacs,...","robots":{"index":"index","follow":"follow","max-snippet":"max-snippet:-1","max-image-preview":"max-image-preview:large","max-video-preview":"max-video-preview:-1"},"canonical":"https:\/\/www.bec-handball.fr\/BEC\/boutique-bec-handball\/","og_locale":"fr_FR","og_type":"article","og_title":"Boutique - BEC-HANDBALL club","og_description":"Avec la boutique club du bec handball, portez nos couleurs et soutenez nos projets ! Vous y trouverez des sweats, des tee-shirts, des sacs,...","og_url":"https:\/\/www.bec-handball.fr\/BEC\/boutique-bec-handball\/","og_site_name":"BEC-HANDBALL","article_publisher":"https:\/\/www.facebook.com\/BordeauxEtudiantsClubHandball","article_modified_time":"2025-11-13T22:58:52+00:00","og_image":[{"width":1080,"height":1080,"url":"https:\/\/www.bec-handball.fr\/BEC\/wp-content\/uploads\/2025\/10\/BEC-Sweat.png","type":"image\/png"}],"twitter_card":"summary_large_image","twitter_site":"@BECHandBall","twitter_misc":{"Dur\u00e9e de lecture estim\u00e9e":"2 minutes"},"schema":{"@context":"https:\/\/schema.org","@graph":[{"@type":"WebPage","@id":"https:\/\/www.bec-handball.fr\/BEC\/boutique-bec-handball\/","url":"https:\/\/www.bec-handball.fr\/BEC\/boutique-bec-handball\/","name":"Boutique - BEC-HANDBALL club","isPartOf":{"@id":"https:\/\/www.bec-handball.fr\/BEC\/#website"},"primaryImageOfPage":{"@id":"https:\/\/www.bec-handball.fr\/BEC\/boutique-bec-handball\/#primaryimage"},"image":{"@id":"https:\/\/www.bec-handball.fr\/BEC\/boutique-bec-handball\/#primaryimage"},"thumbnailUrl":"https:\/\/www.bec-handball.fr\/BEC\/wp-content\/uploads\/2025\/10\/BEC-Sweat.png","datePublished":"2025-10-02T18:03:01+00:00","dateModified":"2025-11-13T22:58:52+00:00","description":"Avec la boutique club du bec handball, portez nos couleurs et soutenez nos projets ! Vous y trouverez des sweats, des tee-shirts, des sacs,...","breadcrumb":{"@id":"https:\/\/www.bec-handball.fr\/BEC\/boutique-bec-handball\/#breadcrumb"},"inLanguage":"fr-FR","potentialAction":[{"@type":"ReadAction","target":["https:\/\/www.bec-handball.fr\/BEC\/boutique-bec-handball\/"]}]},{"@type":"ImageObject","inLanguage":"fr-FR","@id":"https:\/\/www.bec-handball.fr\/BEC\/boutique-bec-handball\/#primaryimage","url":"https:\/\/www.bec-handball.fr\/BEC\/wp-content\/uploads\/2025\/10\/BEC-Sweat.png","contentUrl":"https:\/\/www.bec-handball.fr\/BEC\/wp-content\/uploads\/2025\/10\/BEC-Sweat.png","width":1080,"height":1080},{"@type":"BreadcrumbList","@id":"https:\/\/www.bec-handball.fr\/BEC\/boutique-bec-handball\/#breadcrumb","itemListElement":[{"@type":"ListItem","position":1,"name":"Accueil","item":"https:\/\/www.bec-handball.fr\/BEC\/"},{"@type":"ListItem","position":2,"name":"Boutique"}]},{"@type":"WebSite","@id":"https:\/\/www.bec-handball.fr\/BEC\/#website","url":"https:\/\/www.bec-handball.fr\/BEC\/","name":"BEC-HANDBALL","description":"","publisher":{"@id":"https:\/\/www.bec-handball.fr\/BEC\/#organization"},"potentialAction":[{"@type":"SearchAction","target":{"@type":"EntryPoint","urlTemplate":"https:\/\/www.bec-handball.fr\/BEC\/?s={search_term_string}"},"query-input":{"@type":"PropertyValueSpecification","valueRequired":true,"valueName":"search_term_string"}}],"inLanguage":"fr-FR"},{"@type":"Organization","@id":"https:\/\/www.bec-handball.fr\/BEC\/#organization","name":"BEC-HANDBALL","url":"https:\/\/www.bec-handball.fr\/BEC\/","logo":{"@type":"ImageObject","inLanguage":"fr-FR","@id":"https:\/\/www.bec-handball.fr\/BEC\/#\/schema\/logo\/image\/","url":"https:\/\/www.bec-handball.fr\/BEC\/wp-content\/uploads\/2023\/07\/cropped-LOGO-BEC-CARRE-WEB.png","contentUrl":"https:\/\/www.bec-handball.fr\/BEC\/wp-content\/uploads\/2023\/07\/cropped-LOGO-BEC-CARRE-WEB.png","width":512,"height":512,"caption":"BEC-HANDBALL"},"image":{"@id":"https:\/\/www.bec-handball.fr\/BEC\/#\/schema\/logo\/image\/"},"sameAs":["https:\/\/www.facebook.com\/BordeauxEtudiantsClubHandball","https:\/\/x.com\/BECHandBall","https:\/\/www.instagram.com\/bechandball\/"]}]}},"_links":{"self":[{"href":"https:\/\/www.bec-handball.fr\/BEC\/wp-json\/wp\/v2\/pages\/8531","targetHints":{"allow":["GET"]}}],"collection":[{"href":"https:\/\/www.bec-handball.fr\/BEC\/wp-json\/wp\/v2\/pages"}],"about":[{"href":"https:\/\/www.bec-handball.fr\/BEC\/wp-json\/wp\/v2\/types\/page"}],"author":[{"embeddable":true,"href":"https:\/\/www.bec-handball.fr\/BEC\/wp-json\/wp\/v2\/users\/25"}],"replies":[{"embeddable":true,"href":"https:\/\/www.bec-handball.fr\/BEC\/wp-json\/wp\/v2\/comments?post=8531"}],"version-history":[{"count":55,"href":"https:\/\/www.bec-handball.fr\/BEC\/wp-json\/wp\/v2\/pages\/8531\/revisions"}],"predecessor-version":[{"id":9449,"href":"https:\/\/www.bec-handball.fr\/BEC\/wp-json\/wp\/v2\/pages\/8531\/revisions\/9449"}],"wp:featuredmedia":[{"embeddable":true,"href":"https:\/\/www.bec-handball.fr\/BEC\/wp-json\/wp\/v2\/media\/8532"}],"wp:attachment":[{"href":"https:\/\/www.bec-handball.fr\/BEC\/wp-json\/wp\/v2\/media?parent=8531"}],"curies":[{"name":"wp","href":"https:\/\/api.w.org\/{rel}","templated":true}]}}