{"id":8500,"date":"2025-07-30T16:36:08","date_gmt":"2025-07-30T14:36:08","guid":{"rendered":"https:\/\/www.bec-handball.fr\/BEC\/?page_id=8500"},"modified":"2025-10-30T10:00:22","modified_gmt":"2025-10-30T09:00:22","slug":"sourds","status":"publish","type":"page","link":"https:\/\/www.bec-handball.fr\/BEC\/sourds\/","title":{"rendered":"Section Sourds et Malentendants"},"content":{"rendered":"<section class=\"av_textblock_section \"  itemscope=\"itemscope\" itemtype=\"https:\/\/schema.org\/CreativeWork\" ><div class='avia_textblock  '   itemprop=\"text\" ><p style=\"text-align: center;\"><strong>NOUVEAU SAISON 2025\/2026<\/strong><\/p>\n<p style=\"text-align: center;\"><strong>Cr\u00e9ation d\u2019une \u00e9quipe masculine de handball Sourds et malentendants<\/strong><\/p>\n<\/div><\/section>\n<div class=\"flex_column av_one_full  flex_column_div first  avia-builder-el-1  el_after_av_textblock  el_before_av_one_third  column-top-margin\" ><div   data-size='featured'  data-lightbox_size='large'  data-animation='slide'  data-conditional_play=''  data-ids='8507'  data-video_counter='0'  data-autoplay='false'  data-bg_slider='false'  data-slide_height=''  data-handle='av_slideshow'  data-interval='5'  data-class=' avia-builder-el-2  avia-builder-el-no-sibling  '  data-el_id=''  data-css_id=''  data-scroll_down=''  data-control_layout='av-control-default'  data-custom_markup=''  data-perma_caption=''  data-autoplay_stopper=''  data-image_attachment=''  data-min_height='0px'  data-lazy_loading='disabled'  data-default-height='28.666666666667'  class='avia-slideshow avia-slideshow-1  av-control-default av-default-height-applied avia-slideshow-featured av_slideshow  avia-builder-el-2  avia-builder-el-no-sibling   avia-slide-slider '  itemprop=\"image\" itemscope=\"itemscope\" itemtype=\"https:\/\/schema.org\/ImageObject\" ><ul class='avia-slideshow-inner ' style='padding-bottom: 28.666666666667%;' ><li  class=' av-single-slide slide-1 ' ><div data-rel='slideshow-1' class='avia-slide-wrap '   ><img decoding=\"async\" class=\"wp-image-8507 avia-img-lazy-loading-not-8507\"  src=\"https:\/\/www.bec-handball.fr\/BEC\/wp-content\/uploads\/2025\/07\/AdobeStock_113490634-1500x430.jpeg\" width=\"1500\" height=\"430\" title='Sportsman holding a ball against digital image of handball goal' alt=''  itemprop=\"thumbnailUrl\"   \/><\/div><\/li><\/ul><\/div><\/div>\n<div class=\"flex_column av_one_third  flex_column_div first  avia-builder-el-3  el_after_av_one_full  el_before_av_two_third  column-top-margin\" ><section  class='avia-team-member   avia-builder-el-4  avia-builder-el-no-sibling '  itemscope=\"itemscope\" itemtype=\"https:\/\/schema.org\/Person\" ><h3 class='team-member-name'    itemprop=\"name\" ><\/p>\n<p><center>Guilhem BENHAROUN<\/center><\/h3><div class='team-member-job-title '   itemprop=\"jobTitle\" ><\/p>\n<p><center>Entra\u00eeneur<\/center><\/div><div class='team-member-description '  itemprop=\"description\"  ><p><center>06.63.62.09.95<\/center><\/p>\n<\/div><span class='hidden team-member-affiliation'  itemprop=\"affiliation\" >BEC-HANDBALL<\/span><\/section><\/div>\n<div class=\"flex_column av_two_third  flex_column_div av-zero-column-padding   avia-builder-el-5  el_after_av_one_third  el_before_av_image  column-top-margin\" style='border-radius:0px; '><section class=\"av_textblock_section \"  itemscope=\"itemscope\" itemtype=\"https:\/\/schema.org\/CreativeWork\" ><div class='avia_textblock  '   itemprop=\"text\" ><p><strong>Horaires de l&rsquo;entra\u00eenement<\/strong><\/p>\n<ul>\n<li><strong>Vendredi :<\/strong> 20h30 &#8211; 22h00, Gymnase ROBERT GENESTE<\/li>\n<\/ul>\n<\/div><\/section><\/div><div  class='avia-image-container avia_animated_image avia_animate_when_almost_visible av-rotateIn av-styling- av-hover-grow   avia-builder-el-7  el_after_av_two_third  avia-builder-el-last  avia-align-center '  itemprop=\"image\" itemscope=\"itemscope\" itemtype=\"https:\/\/schema.org\/ImageObject\"  ><div class='avia-image-container-inner'><div class='avia-image-overlay-wrap'><img loading=\"lazy\" decoding=\"async\" class='wp-image-8509 avia-img-lazy-loading-8509 avia_image' src=\"https:\/\/www.bec-handball.fr\/BEC\/wp-content\/uploads\/2025\/07\/sections-sourds-BEC-241x300.jpeg\" alt='' title='sections sourds BEC' height=\"300\" width=\"241\"  itemprop=\"thumbnailUrl\" srcset=\"https:\/\/www.bec-handball.fr\/BEC\/wp-content\/uploads\/2025\/07\/sections-sourds-BEC-241x300.jpeg 241w, https:\/\/www.bec-handball.fr\/BEC\/wp-content\/uploads\/2025\/07\/sections-sourds-BEC-828x1030.jpeg 828w, https:\/\/www.bec-handball.fr\/BEC\/wp-content\/uploads\/2025\/07\/sections-sourds-BEC-768x955.jpeg 768w, https:\/\/www.bec-handball.fr\/BEC\/wp-content\/uploads\/2025\/07\/sections-sourds-BEC-1235x1536.jpeg 1235w, https:\/\/www.bec-handball.fr\/BEC\/wp-content\/uploads\/2025\/07\/sections-sourds-BEC-1206x1500.jpeg 1206w, https:\/\/www.bec-handball.fr\/BEC\/wp-content\/uploads\/2025\/07\/sections-sourds-BEC-567x705.jpeg 567w, https:\/\/www.bec-handball.fr\/BEC\/wp-content\/uploads\/2025\/07\/sections-sourds-BEC.jpeg 1413w\" sizes=\"auto, (max-width: 241px) 100vw, 241px\" \/><\/div><\/div><\/div><\/p>\n","protected":false},"excerpt":{"rendered":"","protected":false},"author":20,"featured_media":0,"parent":0,"menu_order":14,"comment_status":"open","ping_status":"closed","template":"","meta":{"footnotes":""},"class_list":["post-8500","page","type-page","status-publish","hentry"],"yoast_head":"<!-- This site is optimized with the Yoast SEO plugin v27.5 - https:\/\/yoast.com\/product\/yoast-seo-wordpress\/ -->\n<title>Section Sourds et Malentendants - BEC-HANDBALL<\/title>\n<meta name=\"description\" content=\"Actualit\u00e9s de la section HANDBALL du BEC (Bordeaux \u00c9tudiants Club) La section handball du BEC (Bordeaux \u00c9tudiants Club) est l&#039;une des plus ancienne. \u00a0Elle a \u00e9t\u00e9 cr\u00e9\u00e9 par Nelson Paillou ancien pr\u00e9sident du CIO. \u00a0Nous avons un palmar\u00e8s \u00e9loquent : * 3 titres de championne de France, * 7 coupes d&#039;Europe, * 2 titres de coupe de France Venez participer \u00e0 nos prochains exploits\" \/>\n<meta name=\"robots\" content=\"index, follow, max-snippet:-1, max-image-preview:large, max-video-preview:-1\" \/>\n<link rel=\"canonical\" href=\"https:\/\/www.bec-handball.fr\/BEC\/sourds\/\" \/>\n<meta property=\"og:locale\" content=\"fr_FR\" \/>\n<meta property=\"og:type\" content=\"article\" \/>\n<meta property=\"og:title\" content=\"Section Sourds et Malentendants - BEC-HANDBALL\" \/>\n<meta property=\"og:description\" content=\"Actualit\u00e9s de la section HANDBALL du BEC (Bordeaux \u00c9tudiants Club) La section handball du BEC (Bordeaux \u00c9tudiants Club) est l&#039;une des plus ancienne. \u00a0Elle a \u00e9t\u00e9 cr\u00e9\u00e9 par Nelson Paillou ancien pr\u00e9sident du CIO. \u00a0Nous avons un palmar\u00e8s \u00e9loquent : * 3 titres de championne de France, * 7 coupes d&#039;Europe, * 2 titres de coupe de France Venez participer \u00e0 nos prochains exploits\" \/>\n<meta property=\"og:url\" content=\"https:\/\/www.bec-handball.fr\/BEC\/sourds\/\" \/>\n<meta property=\"og:site_name\" content=\"BEC-HANDBALL\" \/>\n<meta property=\"article:publisher\" content=\"https:\/\/www.facebook.com\/BordeauxEtudiantsClubHandball\" \/>\n<meta property=\"article:modified_time\" content=\"2025-10-30T09:00:22+00:00\" \/>\n<meta name=\"twitter:card\" content=\"summary_large_image\" \/>\n<meta name=\"twitter:site\" content=\"@BECHandBall\" \/>\n<meta name=\"twitter:label1\" content=\"Dur\u00e9e de lecture estim\u00e9e\" \/>\n\t<meta name=\"twitter:data1\" content=\"1 minute\" \/>\n<script type=\"application\/ld+json\" class=\"yoast-schema-graph\">{\"@context\":\"https:\\\/\\\/schema.org\",\"@graph\":[{\"@type\":\"WebPage\",\"@id\":\"https:\\\/\\\/www.bec-handball.fr\\\/BEC\\\/sourds\\\/\",\"url\":\"https:\\\/\\\/www.bec-handball.fr\\\/BEC\\\/sourds\\\/\",\"name\":\"Section Sourds et Malentendants - BEC-HANDBALL\",\"isPartOf\":{\"@id\":\"https:\\\/\\\/www.bec-handball.fr\\\/BEC\\\/#website\"},\"datePublished\":\"2025-07-30T14:36:08+00:00\",\"dateModified\":\"2025-10-30T09:00:22+00:00\",\"description\":\"Actualit\u00e9s de la section HANDBALL du BEC (Bordeaux \u00c9tudiants Club) La section handball du BEC (Bordeaux \u00c9tudiants Club) est l'une des plus ancienne. \u00a0Elle a \u00e9t\u00e9 cr\u00e9\u00e9 par Nelson Paillou ancien pr\u00e9sident du CIO. \u00a0Nous avons un palmar\u00e8s \u00e9loquent : * 3 titres de championne de France, * 7 coupes d'Europe, * 2 titres de coupe de France Venez participer \u00e0 nos prochains exploits\",\"breadcrumb\":{\"@id\":\"https:\\\/\\\/www.bec-handball.fr\\\/BEC\\\/sourds\\\/#breadcrumb\"},\"inLanguage\":\"fr-FR\",\"potentialAction\":[{\"@type\":\"ReadAction\",\"target\":[\"https:\\\/\\\/www.bec-handball.fr\\\/BEC\\\/sourds\\\/\"]}]},{\"@type\":\"BreadcrumbList\",\"@id\":\"https:\\\/\\\/www.bec-handball.fr\\\/BEC\\\/sourds\\\/#breadcrumb\",\"itemListElement\":[{\"@type\":\"ListItem\",\"position\":1,\"name\":\"Accueil\",\"item\":\"https:\\\/\\\/www.bec-handball.fr\\\/BEC\\\/\"},{\"@type\":\"ListItem\",\"position\":2,\"name\":\"Section Sourds et Malentendants\"}]},{\"@type\":\"WebSite\",\"@id\":\"https:\\\/\\\/www.bec-handball.fr\\\/BEC\\\/#website\",\"url\":\"https:\\\/\\\/www.bec-handball.fr\\\/BEC\\\/\",\"name\":\"BEC-HANDBALL\",\"description\":\"\",\"publisher\":{\"@id\":\"https:\\\/\\\/www.bec-handball.fr\\\/BEC\\\/#organization\"},\"potentialAction\":[{\"@type\":\"SearchAction\",\"target\":{\"@type\":\"EntryPoint\",\"urlTemplate\":\"https:\\\/\\\/www.bec-handball.fr\\\/BEC\\\/?s={search_term_string}\"},\"query-input\":{\"@type\":\"PropertyValueSpecification\",\"valueRequired\":true,\"valueName\":\"search_term_string\"}}],\"inLanguage\":\"fr-FR\"},{\"@type\":\"Organization\",\"@id\":\"https:\\\/\\\/www.bec-handball.fr\\\/BEC\\\/#organization\",\"name\":\"BEC-HANDBALL\",\"url\":\"https:\\\/\\\/www.bec-handball.fr\\\/BEC\\\/\",\"logo\":{\"@type\":\"ImageObject\",\"inLanguage\":\"fr-FR\",\"@id\":\"https:\\\/\\\/www.bec-handball.fr\\\/BEC\\\/#\\\/schema\\\/logo\\\/image\\\/\",\"url\":\"https:\\\/\\\/www.bec-handball.fr\\\/BEC\\\/wp-content\\\/uploads\\\/2023\\\/07\\\/cropped-LOGO-BEC-CARRE-WEB.png\",\"contentUrl\":\"https:\\\/\\\/www.bec-handball.fr\\\/BEC\\\/wp-content\\\/uploads\\\/2023\\\/07\\\/cropped-LOGO-BEC-CARRE-WEB.png\",\"width\":512,\"height\":512,\"caption\":\"BEC-HANDBALL\"},\"image\":{\"@id\":\"https:\\\/\\\/www.bec-handball.fr\\\/BEC\\\/#\\\/schema\\\/logo\\\/image\\\/\"},\"sameAs\":[\"https:\\\/\\\/www.facebook.com\\\/BordeauxEtudiantsClubHandball\",\"https:\\\/\\\/x.com\\\/BECHandBall\",\"https:\\\/\\\/www.instagram.com\\\/bechandball\\\/\"]}]}<\/script>\n<!-- \/ Yoast SEO plugin. -->","yoast_head_json":{"title":"Section Sourds et Malentendants - BEC-HANDBALL","description":"Actualit\u00e9s de la section HANDBALL du BEC (Bordeaux \u00c9tudiants Club) La section handball du BEC (Bordeaux \u00c9tudiants Club) est l'une des plus ancienne. \u00a0Elle a \u00e9t\u00e9 cr\u00e9\u00e9 par Nelson Paillou ancien pr\u00e9sident du CIO. \u00a0Nous avons un palmar\u00e8s \u00e9loquent : * 3 titres de championne de France, * 7 coupes d'Europe, * 2 titres de coupe de France Venez participer \u00e0 nos prochains exploits","robots":{"index":"index","follow":"follow","max-snippet":"max-snippet:-1","max-image-preview":"max-image-preview:large","max-video-preview":"max-video-preview:-1"},"canonical":"https:\/\/www.bec-handball.fr\/BEC\/sourds\/","og_locale":"fr_FR","og_type":"article","og_title":"Section Sourds et Malentendants - BEC-HANDBALL","og_description":"Actualit\u00e9s de la section HANDBALL du BEC (Bordeaux \u00c9tudiants Club) La section handball du BEC (Bordeaux \u00c9tudiants Club) est l'une des plus ancienne. \u00a0Elle a \u00e9t\u00e9 cr\u00e9\u00e9 par Nelson Paillou ancien pr\u00e9sident du CIO. \u00a0Nous avons un palmar\u00e8s \u00e9loquent : * 3 titres de championne de France, * 7 coupes d'Europe, * 2 titres de coupe de France Venez participer \u00e0 nos prochains exploits","og_url":"https:\/\/www.bec-handball.fr\/BEC\/sourds\/","og_site_name":"BEC-HANDBALL","article_publisher":"https:\/\/www.facebook.com\/BordeauxEtudiantsClubHandball","article_modified_time":"2025-10-30T09:00:22+00:00","twitter_card":"summary_large_image","twitter_site":"@BECHandBall","twitter_misc":{"Dur\u00e9e de lecture estim\u00e9e":"1 minute"},"schema":{"@context":"https:\/\/schema.org","@graph":[{"@type":"WebPage","@id":"https:\/\/www.bec-handball.fr\/BEC\/sourds\/","url":"https:\/\/www.bec-handball.fr\/BEC\/sourds\/","name":"Section Sourds et Malentendants - BEC-HANDBALL","isPartOf":{"@id":"https:\/\/www.bec-handball.fr\/BEC\/#website"},"datePublished":"2025-07-30T14:36:08+00:00","dateModified":"2025-10-30T09:00:22+00:00","description":"Actualit\u00e9s de la section HANDBALL du BEC (Bordeaux \u00c9tudiants Club) La section handball du BEC (Bordeaux \u00c9tudiants Club) est l'une des plus ancienne. \u00a0Elle a \u00e9t\u00e9 cr\u00e9\u00e9 par Nelson Paillou ancien pr\u00e9sident du CIO. \u00a0Nous avons un palmar\u00e8s \u00e9loquent : * 3 titres de championne de France, * 7 coupes d'Europe, * 2 titres de coupe de France Venez participer \u00e0 nos prochains exploits","breadcrumb":{"@id":"https:\/\/www.bec-handball.fr\/BEC\/sourds\/#breadcrumb"},"inLanguage":"fr-FR","potentialAction":[{"@type":"ReadAction","target":["https:\/\/www.bec-handball.fr\/BEC\/sourds\/"]}]},{"@type":"BreadcrumbList","@id":"https:\/\/www.bec-handball.fr\/BEC\/sourds\/#breadcrumb","itemListElement":[{"@type":"ListItem","position":1,"name":"Accueil","item":"https:\/\/www.bec-handball.fr\/BEC\/"},{"@type":"ListItem","position":2,"name":"Section Sourds et Malentendants"}]},{"@type":"WebSite","@id":"https:\/\/www.bec-handball.fr\/BEC\/#website","url":"https:\/\/www.bec-handball.fr\/BEC\/","name":"BEC-HANDBALL","description":"","publisher":{"@id":"https:\/\/www.bec-handball.fr\/BEC\/#organization"},"potentialAction":[{"@type":"SearchAction","target":{"@type":"EntryPoint","urlTemplate":"https:\/\/www.bec-handball.fr\/BEC\/?s={search_term_string}"},"query-input":{"@type":"PropertyValueSpecification","valueRequired":true,"valueName":"search_term_string"}}],"inLanguage":"fr-FR"},{"@type":"Organization","@id":"https:\/\/www.bec-handball.fr\/BEC\/#organization","name":"BEC-HANDBALL","url":"https:\/\/www.bec-handball.fr\/BEC\/","logo":{"@type":"ImageObject","inLanguage":"fr-FR","@id":"https:\/\/www.bec-handball.fr\/BEC\/#\/schema\/logo\/image\/","url":"https:\/\/www.bec-handball.fr\/BEC\/wp-content\/uploads\/2023\/07\/cropped-LOGO-BEC-CARRE-WEB.png","contentUrl":"https:\/\/www.bec-handball.fr\/BEC\/wp-content\/uploads\/2023\/07\/cropped-LOGO-BEC-CARRE-WEB.png","width":512,"height":512,"caption":"BEC-HANDBALL"},"image":{"@id":"https:\/\/www.bec-handball.fr\/BEC\/#\/schema\/logo\/image\/"},"sameAs":["https:\/\/www.facebook.com\/BordeauxEtudiantsClubHandball","https:\/\/x.com\/BECHandBall","https:\/\/www.instagram.com\/bechandball\/"]}]}},"_links":{"self":[{"href":"https:\/\/www.bec-handball.fr\/BEC\/wp-json\/wp\/v2\/pages\/8500","targetHints":{"allow":["GET"]}}],"collection":[{"href":"https:\/\/www.bec-handball.fr\/BEC\/wp-json\/wp\/v2\/pages"}],"about":[{"href":"https:\/\/www.bec-handball.fr\/BEC\/wp-json\/wp\/v2\/types\/page"}],"author":[{"embeddable":true,"href":"https:\/\/www.bec-handball.fr\/BEC\/wp-json\/wp\/v2\/users\/20"}],"replies":[{"embeddable":true,"href":"https:\/\/www.bec-handball.fr\/BEC\/wp-json\/wp\/v2\/comments?post=8500"}],"version-history":[{"count":8,"href":"https:\/\/www.bec-handball.fr\/BEC\/wp-json\/wp\/v2\/pages\/8500\/revisions"}],"predecessor-version":[{"id":9155,"href":"https:\/\/www.bec-handball.fr\/BEC\/wp-json\/wp\/v2\/pages\/8500\/revisions\/9155"}],"wp:attachment":[{"href":"https:\/\/www.bec-handball.fr\/BEC\/wp-json\/wp\/v2\/media?parent=8500"}],"curies":[{"name":"wp","href":"https:\/\/api.w.org\/{rel}","templated":true}]}}