{"id":8028,"date":"2023-07-05T13:33:44","date_gmt":"2023-07-05T11:33:44","guid":{"rendered":"https:\/\/www.bec-handball.fr\/BEC\/?page_id=8028"},"modified":"2025-10-15T03:39:28","modified_gmt":"2025-10-15T01:39:28","slug":"babyhand","status":"publish","type":"page","link":"https:\/\/www.bec-handball.fr\/BEC\/babyhand\/","title":{"rendered":"Babyhand 3\/5 ans"},"content":{"rendered":"<div id='avia-messagebox-' class='avia_message_box  avia-color-red avia-size-large avia-icon_select-yes avia-border-dashed  avia-builder-el-0  el_before_av_slideshow_full  avia-builder-el-no-sibling '><span class='avia_message_box_title' >Important<\/span><div class='avia_message_box_content' ><span class='avia_message_box_icon' aria-hidden='true' data-av_icon='\ue8d2' data-av_iconfont='entypo-fontello'><\/span><p>Saison 2025\/2026 \u2013 EFFECTIF COMPLET<\/p>\n<\/div><\/div>\n<\/div><\/div><\/div><!-- close content main div --><\/div><\/div><div id='full_slider_1'  class='avia-fullwidth-slider main_color avia-shadow   avia-builder-el-1  el_after_av_notification  el_before_av_one_fourth   slider-not-first container_wrap fullsize' style=' '  ><div   data-size='featured'  data-lightbox_size='large'  data-animation='slide'  data-conditional_play=''  data-ids='8432,8190,8029'  data-video_counter='0'  data-autoplay='false'  data-bg_slider='false'  data-slide_height=''  data-handle='av_slideshow_full'  data-interval='5'  data-class=' '  data-el_id=''  data-css_id=''  data-scroll_down=''  data-control_layout='av-control-default'  data-custom_markup=''  data-perma_caption=''  data-autoplay_stopper=''  data-image_attachment=''  data-min_height='0px'  data-lazy_loading='disabled'  data-src=''  data-position='top left'  data-repeat='no-repeat'  data-attach='scroll'  data-stretch=''  data-default-height='28.666666666667'  class='avia-slideshow avia-slideshow-1  av-control-default av-default-height-applied avia-slideshow-featured av_slideshow_full   avia-slide-slider '  itemprop=\"image\" itemscope=\"itemscope\" itemtype=\"https:\/\/schema.org\/ImageObject\" ><ul class='avia-slideshow-inner ' style='padding-bottom: 28.666666666667%;' ><li  class=' slide-1 ' ><div data-rel='slideshow-1' class='avia-slide-wrap '   ><div class = \"caption_fullwidth av-slideshow-caption caption_bottom\"><div class = \"container caption_container\"><div class = \"slideshow_caption\"><div class = \"slideshow_inner_caption\"><div class = \"slideshow_align_caption\"><h2  class='avia-caption-title  '  itemprop=\"name\" >Babyhand-saison 2024\/2025<\/h2><\/div><\/div><\/div><\/div><\/div><img decoding=\"async\" class=\"wp-image-8432 avia-img-lazy-loading-not-8432\"  src=\"https:\/\/www.bec-handball.fr\/BEC\/wp-content\/uploads\/2025\/06\/BABY-CARNAVAL-1500x430.jpeg\" width=\"1500\" height=\"430\" title='BABY CARNAVAL' alt=''  itemprop=\"thumbnailUrl\"   \/><\/div><\/li><li  class=' slide-2 ' ><div data-rel='slideshow-1' class='avia-slide-wrap '   ><div class = \"caption_fullwidth av-slideshow-caption caption_bottom\"><div class = \"container caption_container\"><div class = \"slideshow_caption\"><div class = \"slideshow_inner_caption\"><div class = \"slideshow_align_caption\"><h2  class='avia-caption-title  '  itemprop=\"name\" >Saison 2023-2024<\/h2><\/div><\/div><\/div><\/div><\/div><img decoding=\"async\" class=\"wp-image-8190 avia-img-lazy-loading-not-8190\"  src=\"https:\/\/www.bec-handball.fr\/BEC\/wp-content\/uploads\/2024\/07\/IMG-20240210-WA0010-1500x430.jpg\" width=\"1500\" height=\"430\" title='IMG-20240210-WA0010' alt=''  itemprop=\"thumbnailUrl\"   \/><\/div><\/li><li  class=' slide-3 ' ><div data-rel='slideshow-1' class='avia-slide-wrap '   ><div class = \"caption_fullwidth av-slideshow-caption caption_bottom\"><div class = \"container caption_container\"><div class = \"slideshow_caption\"><div class = \"slideshow_inner_caption\"><div class = \"slideshow_align_caption\"><h2  class='avia-caption-title  '  itemprop=\"name\" >Saison 2022-2023<\/h2><\/div><\/div><\/div><\/div><\/div><img decoding=\"async\" class=\"wp-image-8029 avia-img-lazy-loading-not-8029\"  src=\"https:\/\/www.bec-handball.fr\/BEC\/wp-content\/uploads\/2023\/07\/IMG-20230429-WA0001-1500x430.jpg\" width=\"1500\" height=\"430\" title='IMG-20230429-WA0001' alt=''  itemprop=\"thumbnailUrl\"   \/><\/div><\/li><\/ul><div class='avia-slideshow-arrows avia-slideshow-controls'><a href='#prev' class='prev-slide' aria-hidden='true' data-av_icon='\ue87c' data-av_iconfont='entypo-fontello'>Pr\u00e9c\u00e9dent<\/a><a href='#next' class='next-slide' aria-hidden='true' data-av_icon='\ue87d' data-av_iconfont='entypo-fontello'>Suivant<\/a><\/div><div class='avia-slideshow-dots avia-slideshow-controls'><a href='#1' class='goto-slide active' >1<\/a><a href='#2' class='goto-slide ' >2<\/a><a href='#3' class='goto-slide ' >3<\/a><\/div><\/div><\/div><div id='after_full_slider_1'  class='main_color av_default_container_wrap container_wrap fullsize' style=' '  ><div class='container' ><div class='template-page content  av-content-full alpha units'><div class='post-entry post-entry-type-page post-entry-8028'><div class='entry-content-wrapper clearfix'>\n<div class=\"flex_column av_one_fourth  flex_column_div av-zero-column-padding first  avia-builder-el-2  el_after_av_slideshow_full  el_before_av_one_fourth  avia-builder-el-first  \" style='border-radius:0px; '><section  class='avia-team-member   avia-builder-el-3  avia-builder-el-no-sibling '  itemscope=\"itemscope\" itemtype=\"https:\/\/schema.org\/Person\" ><h3 class='team-member-name'    itemprop=\"name\" ><\/p>\n<p><center>Emilie SERF<\/center><\/h3><div class='team-member-job-title '   itemprop=\"jobTitle\" ><\/p>\n<p><center>Animateur<\/center><\/div><div class='team-member-description '  itemprop=\"description\"  ><p><center>07.61.97.99.77<\/center><\/p>\n<\/div><span class='hidden team-member-affiliation'  itemprop=\"affiliation\" >BEC-HANDBALL<\/span><\/section><\/div>\n<div class=\"flex_column av_one_fourth  flex_column_div av-zero-column-padding   avia-builder-el-4  el_after_av_one_fourth  el_before_av_one_fourth  \" style='border-radius:0px; '><section  class='avia-team-member   avia-builder-el-5  avia-builder-el-no-sibling '  itemscope=\"itemscope\" itemtype=\"https:\/\/schema.org\/Person\" ><h3 class='team-member-name'    itemprop=\"name\" ><\/p>\n<p><center>Florian JOUAN<\/center><\/h3><div class='team-member-job-title '   itemprop=\"jobTitle\" ><\/p>\n<p><center>Animateur<\/center><\/div><span class='hidden team-member-affiliation'  itemprop=\"affiliation\" >BEC-HANDBALL<\/span><\/section><\/div>\n<div class=\"flex_column av_one_fourth  flex_column_div av-zero-column-padding   avia-builder-el-6  el_after_av_one_fourth  el_before_av_one_fourth  \" style='border-radius:0px; '><section  class='avia-team-member   avia-builder-el-7  avia-builder-el-no-sibling '  itemscope=\"itemscope\" itemtype=\"https:\/\/schema.org\/Person\" ><h3 class='team-member-name'    itemprop=\"name\" ><\/p>\n<p><center>Sacha PAUL-YVON<\/center><\/h3><div class='team-member-job-title '   itemprop=\"jobTitle\" ><\/p>\n<p><center>Animateur<\/center><\/div><span class='hidden team-member-affiliation'  itemprop=\"affiliation\" >BEC-HANDBALL<\/span><\/section><\/div>\n<div class=\"flex_column av_one_fourth  flex_column_div av-zero-column-padding   avia-builder-el-8  el_after_av_one_fourth  el_before_av_one_full  \" style='border-radius:0px; '><section  class='avia-team-member   avia-builder-el-9  avia-builder-el-no-sibling '  itemscope=\"itemscope\" itemtype=\"https:\/\/schema.org\/Person\" ><h3 class='team-member-name'    itemprop=\"name\" ><\/p>\n<p><center>Pierre BAHUET<\/center><\/h3><div class='team-member-job-title '   itemprop=\"jobTitle\" ><\/p>\n<p><center>Animateur<\/center><\/div><span class='hidden team-member-affiliation'  itemprop=\"affiliation\" >BEC-HANDBALL<\/span><\/section><\/div>\n<div class=\"flex_column av_one_full  flex_column_div av-zero-column-padding first  avia-builder-el-10  el_after_av_one_fourth  el_before_av_one_full  column-top-margin\" style='border-radius:0px; '><section class=\"av_textblock_section \"  itemscope=\"itemscope\" itemtype=\"https:\/\/schema.org\/CreativeWork\" ><div class='avia_textblock  '   itemprop=\"text\" ><p><strong>Horaires des entra\u00eenements 2025\/2026<\/strong><\/p>\n<ul>\n<li><strong>Samedi <\/strong>10h00 &#8211; 10h45, Gymnase ROBERT GENESTE<\/li>\n<\/ul>\n<p><em>Joueur(se)s n\u00e9(e)s en 2020 \/ 2021 \/ 2022<\/em><\/p>\n<\/div><\/section><\/div>\n<div class=\"flex_column av_one_full  flex_column_div av-zero-column-padding first  avia-builder-el-12  el_after_av_one_full  avia-builder-el-last  column-top-margin\" style='border-radius:0px; '><article  class=\"iconbox iconbox_top main_color    avia-builder-el-13  avia-builder-el-no-sibling  \"  itemscope=\"itemscope\" itemtype=\"https:\/\/schema.org\/CreativeWork\" ><div class=\"iconbox_content\"><header class=\"entry-content-header\"><div class=\"iconbox_icon heading-color\" aria-hidden='true' data-av_icon='\ue81e' data-av_iconfont='entypo-fontello'  style='background-color:#4f7599; color:#ffffff; ' ><\/div><h3 class='iconbox_content_title  '  itemprop=\"headline\"  >Information<\/h3><\/header><div class='iconbox_content_container  '  itemprop=\"text\"  ><p>BabyHand est une pratique d\u00e9di\u00e9e aux enfants de 3 \u00e0 5 ans et \u00e0 leurs parents.<\/p>\n<p>Chaque s\u00e9ance est une histoire: tent\u00e9 par une mission dans l&rsquo;espace ? ou un voyage dans la jungle ?<\/p>\n<p>Autour ateliers de motricit\u00e9, jeux de relai, parcours, les enfants partagent une activit\u00e9 avec leurs parents tout en stimulant leur imaginaire et leur cr\u00e9ativit\u00e9.<\/p>\n<p><br class=\"avia-permanent-lb\" \/>Tranche d&rsquo;\u00e2ge concern\u00e9e: 3 \u00e0 5 ans<\/p>\n<\/div><\/div><footer class=\"entry-footer\"><\/footer><\/article><\/div>\n","protected":false},"excerpt":{"rendered":"","protected":false},"author":20,"featured_media":0,"parent":0,"menu_order":30,"comment_status":"open","ping_status":"closed","template":"","meta":{"footnotes":""},"class_list":["post-8028","page","type-page","status-publish","hentry"],"yoast_head":"<!-- This site is optimized with the Yoast SEO plugin v27.4 - https:\/\/yoast.com\/product\/yoast-seo-wordpress\/ -->\n<title>Babyhand 3\/5 ans - BEC-HANDBALL<\/title>\n<meta name=\"description\" content=\"Actualit\u00e9s de la section HANDBALL du BEC (Bordeaux \u00c9tudiants Club) La section handball du BEC (Bordeaux \u00c9tudiants Club) est l&#039;une des plus ancienne. \u00a0Elle a \u00e9t\u00e9 cr\u00e9\u00e9 par Nelson Paillou ancien pr\u00e9sident du CIO. \u00a0Nous avons un palmar\u00e8s \u00e9loquent : * 3 titres de championne de France, * 7 coupes d&#039;Europe, * 2 titres de coupe de France Venez participer \u00e0 nos prochains exploits\" \/>\n<meta name=\"robots\" content=\"index, follow, max-snippet:-1, max-image-preview:large, max-video-preview:-1\" \/>\n<link rel=\"canonical\" href=\"https:\/\/www.bec-handball.fr\/BEC\/babyhand\/\" \/>\n<meta property=\"og:locale\" content=\"fr_FR\" \/>\n<meta property=\"og:type\" content=\"article\" \/>\n<meta property=\"og:title\" content=\"Babyhand 3\/5 ans - BEC-HANDBALL\" \/>\n<meta property=\"og:description\" content=\"Actualit\u00e9s de la section HANDBALL du BEC (Bordeaux \u00c9tudiants Club) La section handball du BEC (Bordeaux \u00c9tudiants Club) est l&#039;une des plus ancienne. \u00a0Elle a \u00e9t\u00e9 cr\u00e9\u00e9 par Nelson Paillou ancien pr\u00e9sident du CIO. \u00a0Nous avons un palmar\u00e8s \u00e9loquent : * 3 titres de championne de France, * 7 coupes d&#039;Europe, * 2 titres de coupe de France Venez participer \u00e0 nos prochains exploits\" \/>\n<meta property=\"og:url\" content=\"https:\/\/www.bec-handball.fr\/BEC\/babyhand\/\" \/>\n<meta property=\"og:site_name\" content=\"BEC-HANDBALL\" \/>\n<meta property=\"article:publisher\" content=\"https:\/\/www.facebook.com\/BordeauxEtudiantsClubHandball\" \/>\n<meta property=\"article:modified_time\" content=\"2025-10-15T01:39:28+00:00\" \/>\n<meta name=\"twitter:card\" content=\"summary_large_image\" \/>\n<meta name=\"twitter:site\" content=\"@BECHandBall\" \/>\n<meta name=\"twitter:label1\" content=\"Dur\u00e9e de lecture estim\u00e9e\" \/>\n\t<meta name=\"twitter:data1\" content=\"4 minutes\" \/>\n<script type=\"application\/ld+json\" class=\"yoast-schema-graph\">{\"@context\":\"https:\\\/\\\/schema.org\",\"@graph\":[{\"@type\":\"WebPage\",\"@id\":\"https:\\\/\\\/www.bec-handball.fr\\\/BEC\\\/babyhand\\\/\",\"url\":\"https:\\\/\\\/www.bec-handball.fr\\\/BEC\\\/babyhand\\\/\",\"name\":\"Babyhand 3\\\/5 ans - BEC-HANDBALL\",\"isPartOf\":{\"@id\":\"https:\\\/\\\/www.bec-handball.fr\\\/BEC\\\/#website\"},\"datePublished\":\"2023-07-05T11:33:44+00:00\",\"dateModified\":\"2025-10-15T01:39:28+00:00\",\"description\":\"Actualit\u00e9s de la section HANDBALL du BEC (Bordeaux \u00c9tudiants Club) La section handball du BEC (Bordeaux \u00c9tudiants Club) est l'une des plus ancienne. \u00a0Elle a \u00e9t\u00e9 cr\u00e9\u00e9 par Nelson Paillou ancien pr\u00e9sident du CIO. \u00a0Nous avons un palmar\u00e8s \u00e9loquent : * 3 titres de championne de France, * 7 coupes d'Europe, * 2 titres de coupe de France Venez participer \u00e0 nos prochains exploits\",\"breadcrumb\":{\"@id\":\"https:\\\/\\\/www.bec-handball.fr\\\/BEC\\\/babyhand\\\/#breadcrumb\"},\"inLanguage\":\"fr-FR\",\"potentialAction\":[{\"@type\":\"ReadAction\",\"target\":[\"https:\\\/\\\/www.bec-handball.fr\\\/BEC\\\/babyhand\\\/\"]}]},{\"@type\":\"BreadcrumbList\",\"@id\":\"https:\\\/\\\/www.bec-handball.fr\\\/BEC\\\/babyhand\\\/#breadcrumb\",\"itemListElement\":[{\"@type\":\"ListItem\",\"position\":1,\"name\":\"Accueil\",\"item\":\"https:\\\/\\\/www.bec-handball.fr\\\/BEC\\\/\"},{\"@type\":\"ListItem\",\"position\":2,\"name\":\"Babyhand 3\\\/5 ans\"}]},{\"@type\":\"WebSite\",\"@id\":\"https:\\\/\\\/www.bec-handball.fr\\\/BEC\\\/#website\",\"url\":\"https:\\\/\\\/www.bec-handball.fr\\\/BEC\\\/\",\"name\":\"BEC-HANDBALL\",\"description\":\"\",\"publisher\":{\"@id\":\"https:\\\/\\\/www.bec-handball.fr\\\/BEC\\\/#organization\"},\"potentialAction\":[{\"@type\":\"SearchAction\",\"target\":{\"@type\":\"EntryPoint\",\"urlTemplate\":\"https:\\\/\\\/www.bec-handball.fr\\\/BEC\\\/?s={search_term_string}\"},\"query-input\":{\"@type\":\"PropertyValueSpecification\",\"valueRequired\":true,\"valueName\":\"search_term_string\"}}],\"inLanguage\":\"fr-FR\"},{\"@type\":\"Organization\",\"@id\":\"https:\\\/\\\/www.bec-handball.fr\\\/BEC\\\/#organization\",\"name\":\"BEC-HANDBALL\",\"url\":\"https:\\\/\\\/www.bec-handball.fr\\\/BEC\\\/\",\"logo\":{\"@type\":\"ImageObject\",\"inLanguage\":\"fr-FR\",\"@id\":\"https:\\\/\\\/www.bec-handball.fr\\\/BEC\\\/#\\\/schema\\\/logo\\\/image\\\/\",\"url\":\"https:\\\/\\\/www.bec-handball.fr\\\/BEC\\\/wp-content\\\/uploads\\\/2023\\\/07\\\/cropped-LOGO-BEC-CARRE-WEB.png\",\"contentUrl\":\"https:\\\/\\\/www.bec-handball.fr\\\/BEC\\\/wp-content\\\/uploads\\\/2023\\\/07\\\/cropped-LOGO-BEC-CARRE-WEB.png\",\"width\":512,\"height\":512,\"caption\":\"BEC-HANDBALL\"},\"image\":{\"@id\":\"https:\\\/\\\/www.bec-handball.fr\\\/BEC\\\/#\\\/schema\\\/logo\\\/image\\\/\"},\"sameAs\":[\"https:\\\/\\\/www.facebook.com\\\/BordeauxEtudiantsClubHandball\",\"https:\\\/\\\/x.com\\\/BECHandBall\",\"https:\\\/\\\/www.instagram.com\\\/bechandball\\\/\"]}]}<\/script>\n<!-- \/ Yoast SEO plugin. -->","yoast_head_json":{"title":"Babyhand 3\/5 ans - BEC-HANDBALL","description":"Actualit\u00e9s de la section HANDBALL du BEC (Bordeaux \u00c9tudiants Club) La section handball du BEC (Bordeaux \u00c9tudiants Club) est l'une des plus ancienne. \u00a0Elle a \u00e9t\u00e9 cr\u00e9\u00e9 par Nelson Paillou ancien pr\u00e9sident du CIO. \u00a0Nous avons un palmar\u00e8s \u00e9loquent : * 3 titres de championne de France, * 7 coupes d'Europe, * 2 titres de coupe de France Venez participer \u00e0 nos prochains exploits","robots":{"index":"index","follow":"follow","max-snippet":"max-snippet:-1","max-image-preview":"max-image-preview:large","max-video-preview":"max-video-preview:-1"},"canonical":"https:\/\/www.bec-handball.fr\/BEC\/babyhand\/","og_locale":"fr_FR","og_type":"article","og_title":"Babyhand 3\/5 ans - BEC-HANDBALL","og_description":"Actualit\u00e9s de la section HANDBALL du BEC (Bordeaux \u00c9tudiants Club) La section handball du BEC (Bordeaux \u00c9tudiants Club) est l'une des plus ancienne. \u00a0Elle a \u00e9t\u00e9 cr\u00e9\u00e9 par Nelson Paillou ancien pr\u00e9sident du CIO. \u00a0Nous avons un palmar\u00e8s \u00e9loquent : * 3 titres de championne de France, * 7 coupes d'Europe, * 2 titres de coupe de France Venez participer \u00e0 nos prochains exploits","og_url":"https:\/\/www.bec-handball.fr\/BEC\/babyhand\/","og_site_name":"BEC-HANDBALL","article_publisher":"https:\/\/www.facebook.com\/BordeauxEtudiantsClubHandball","article_modified_time":"2025-10-15T01:39:28+00:00","twitter_card":"summary_large_image","twitter_site":"@BECHandBall","twitter_misc":{"Dur\u00e9e de lecture estim\u00e9e":"4 minutes"},"schema":{"@context":"https:\/\/schema.org","@graph":[{"@type":"WebPage","@id":"https:\/\/www.bec-handball.fr\/BEC\/babyhand\/","url":"https:\/\/www.bec-handball.fr\/BEC\/babyhand\/","name":"Babyhand 3\/5 ans - BEC-HANDBALL","isPartOf":{"@id":"https:\/\/www.bec-handball.fr\/BEC\/#website"},"datePublished":"2023-07-05T11:33:44+00:00","dateModified":"2025-10-15T01:39:28+00:00","description":"Actualit\u00e9s de la section HANDBALL du BEC (Bordeaux \u00c9tudiants Club) La section handball du BEC (Bordeaux \u00c9tudiants Club) est l'une des plus ancienne. \u00a0Elle a \u00e9t\u00e9 cr\u00e9\u00e9 par Nelson Paillou ancien pr\u00e9sident du CIO. \u00a0Nous avons un palmar\u00e8s \u00e9loquent : * 3 titres de championne de France, * 7 coupes d'Europe, * 2 titres de coupe de France Venez participer \u00e0 nos prochains exploits","breadcrumb":{"@id":"https:\/\/www.bec-handball.fr\/BEC\/babyhand\/#breadcrumb"},"inLanguage":"fr-FR","potentialAction":[{"@type":"ReadAction","target":["https:\/\/www.bec-handball.fr\/BEC\/babyhand\/"]}]},{"@type":"BreadcrumbList","@id":"https:\/\/www.bec-handball.fr\/BEC\/babyhand\/#breadcrumb","itemListElement":[{"@type":"ListItem","position":1,"name":"Accueil","item":"https:\/\/www.bec-handball.fr\/BEC\/"},{"@type":"ListItem","position":2,"name":"Babyhand 3\/5 ans"}]},{"@type":"WebSite","@id":"https:\/\/www.bec-handball.fr\/BEC\/#website","url":"https:\/\/www.bec-handball.fr\/BEC\/","name":"BEC-HANDBALL","description":"","publisher":{"@id":"https:\/\/www.bec-handball.fr\/BEC\/#organization"},"potentialAction":[{"@type":"SearchAction","target":{"@type":"EntryPoint","urlTemplate":"https:\/\/www.bec-handball.fr\/BEC\/?s={search_term_string}"},"query-input":{"@type":"PropertyValueSpecification","valueRequired":true,"valueName":"search_term_string"}}],"inLanguage":"fr-FR"},{"@type":"Organization","@id":"https:\/\/www.bec-handball.fr\/BEC\/#organization","name":"BEC-HANDBALL","url":"https:\/\/www.bec-handball.fr\/BEC\/","logo":{"@type":"ImageObject","inLanguage":"fr-FR","@id":"https:\/\/www.bec-handball.fr\/BEC\/#\/schema\/logo\/image\/","url":"https:\/\/www.bec-handball.fr\/BEC\/wp-content\/uploads\/2023\/07\/cropped-LOGO-BEC-CARRE-WEB.png","contentUrl":"https:\/\/www.bec-handball.fr\/BEC\/wp-content\/uploads\/2023\/07\/cropped-LOGO-BEC-CARRE-WEB.png","width":512,"height":512,"caption":"BEC-HANDBALL"},"image":{"@id":"https:\/\/www.bec-handball.fr\/BEC\/#\/schema\/logo\/image\/"},"sameAs":["https:\/\/www.facebook.com\/BordeauxEtudiantsClubHandball","https:\/\/x.com\/BECHandBall","https:\/\/www.instagram.com\/bechandball\/"]}]}},"_links":{"self":[{"href":"https:\/\/www.bec-handball.fr\/BEC\/wp-json\/wp\/v2\/pages\/8028","targetHints":{"allow":["GET"]}}],"collection":[{"href":"https:\/\/www.bec-handball.fr\/BEC\/wp-json\/wp\/v2\/pages"}],"about":[{"href":"https:\/\/www.bec-handball.fr\/BEC\/wp-json\/wp\/v2\/types\/page"}],"author":[{"embeddable":true,"href":"https:\/\/www.bec-handball.fr\/BEC\/wp-json\/wp\/v2\/users\/20"}],"replies":[{"embeddable":true,"href":"https:\/\/www.bec-handball.fr\/BEC\/wp-json\/wp\/v2\/comments?post=8028"}],"version-history":[{"count":18,"href":"https:\/\/www.bec-handball.fr\/BEC\/wp-json\/wp\/v2\/pages\/8028\/revisions"}],"predecessor-version":[{"id":9065,"href":"https:\/\/www.bec-handball.fr\/BEC\/wp-json\/wp\/v2\/pages\/8028\/revisions\/9065"}],"wp:attachment":[{"href":"https:\/\/www.bec-handball.fr\/BEC\/wp-json\/wp\/v2\/media?parent=8028"}],"curies":[{"name":"wp","href":"https:\/\/api.w.org\/{rel}","templated":true}]}}