{"id":3593,"date":"2017-06-30T09:19:13","date_gmt":"2017-06-30T07:19:13","guid":{"rendered":"https:\/\/bec-handball.fr\/BEC\/?page_id=3593"},"modified":"2026-02-18T18:56:48","modified_gmt":"2026-02-18T17:56:48","slug":"localisation","status":"publish","type":"page","link":"https:\/\/www.bec-handball.fr\/BEC\/localisation\/","title":{"rendered":"LOCALISATION"},"content":{"rendered":"<article  class=\"iconbox iconbox_top av-no-box   avia-builder-el-0  el_before_av_one_half  avia-builder-el-first  \"  itemscope=\"itemscope\" itemtype=\"https:\/\/schema.org\/CreativeWork\" ><div class=\"iconbox_content\"><header class=\"entry-content-header\"><div class=\"iconbox_icon heading-color\" aria-hidden='true' data-av_icon='\ue842' data-av_iconfont='entypo-fontello'  style='background-color:#af0f0f; color:#ffffff; ' ><\/div><h3 class='iconbox_content_title  '  itemprop=\"headline\"  >Liste des salles d\u2019entra\u00eenement et de comp\u00e9tition du BEC Handball<\/h3><\/header><div class='iconbox_content_container  '  itemprop=\"text\"  ><\/div><\/div><footer class=\"entry-footer\"><\/footer><\/article>\n<div class=\"flex_column av_one_half  flex_column_div av-zero-column-padding first  avia-builder-el-1  el_after_av_icon_box  el_before_av_one_half  \" style='border-radius:0px; '><section class=\"av_textblock_section \"  itemscope=\"itemscope\" itemtype=\"https:\/\/schema.org\/CreativeWork\" ><div class='avia_textblock  '   itemprop=\"text\" ><p style=\"text-align: center;\"><strong>Gymnase ROBERT GENESTE<\/strong><\/p>\n<p style=\"text-align: center;\">19 rue Beck, 33800 Bordeaux<\/p>\n<p style=\"text-align: center;\"><em>salle principale, une grande partie des entra\u00eenements et l&rsquo;ensemble des rencontres s&rsquo;y d\u00e9roulent<\/em><\/p>\n<p style=\"text-align: center;\"><iframe style=\"border: 0;\" src=\"https:\/\/www.google.com\/maps\/embed?pb=!1m18!1m12!1m3!1d5659.955348151518!2d-0.5532930236939462!3d44.82201947107077!2m3!1f0!2f0!3f0!3m2!1i1024!2i768!4f13.1!3m3!1m2!1s0xd552644c7329e43%3A0xd6bf20c1992b0ced!2s19%20Rue%20Beck%2C%2033800%20Bordeaux!5e0!3m2!1sfr!2sfr!4v1759793040768!5m2!1sfr!2sfr\" height=\"450\" allowfullscreen=\"allowfullscreen\"><\/iframe><\/p>\n<\/div><\/section><br \/>\n<div   class='hr hr-default   avia-builder-el-3  el_after_av_textblock  el_before_av_textblock '><span class='hr-inner ' ><span class='hr-inner-style'><\/span><\/span><\/div><br \/>\n<section class=\"av_textblock_section \"  itemscope=\"itemscope\" itemtype=\"https:\/\/schema.org\/CreativeWork\" ><div class='avia_textblock  '   itemprop=\"text\" ><p style=\"text-align: center;\"><strong>Gymnase BELCIER<\/strong><\/p>\n<p style=\"text-align: center;\">31 rue de la Louisiane, 33800 Bordeaux<\/p>\n<p style=\"text-align: center;\"><em>\u00e0 proximit\u00e9 du coll\u00e8ge<\/em><\/p>\n<p style=\"text-align: center;\"><br class=\"avia-permanent-lb\" \/><iframe style=\"border: 0;\" src=\"https:\/\/www.google.com\/maps\/embed?pb=!1m18!1m12!1m3!1d11318.047239159721!2d-0.5687963826171535!3d44.83150935738033!2m3!1f0!2f0!3f0!3m2!1i1024!2i768!4f13.1!3m3!1m2!1s0xd5527264d4d2caf%3A0x33d209d6a98af937!2sColl%C3%A8ge%20Bordeaux%20Belcier%20-%20Toni%20Morrison!5e0!3m2!1sfr!2sfr!4v1759794595383!5m2!1sfr!2sfr\" height=\"450\" allowfullscreen=\"allowfullscreen\"><\/iframe><\/p>\n<\/div><\/section><\/p><\/div>\n<div class=\"flex_column av_one_half  flex_column_div av-zero-column-padding   avia-builder-el-5  el_after_av_one_half  avia-builder-el-last  \" style='border-radius:0px; '><section class=\"av_textblock_section \"  itemscope=\"itemscope\" itemtype=\"https:\/\/schema.org\/CreativeWork\" ><div class='avia_textblock  '   itemprop=\"text\" ><p style=\"text-align: center;\"><strong>Salle NELSON PAILLOU<\/strong><\/p>\n<p style=\"text-align: center;\">53 rue Pauline Kergormard, 33800 Bordeaux<\/p>\n<p style=\"text-align: center;\"><em>salle historique, une partie des entra\u00eenements continue sur ce site<\/em><\/p>\n<p style=\"text-align: center;\"><br class=\"avia-permanent-lb\" \/><iframe style=\"border: 0;\" src=\"https:\/\/www.google.com\/maps\/embed?pb=!1m18!1m12!1m3!1d11319.672520303135!2d-0.589739692187474!3d44.82323250000001!2m3!1f0!2f0!3f0!3m2!1i1024!2i768!4f13.1!3m3!1m2!1s0xd5527ba8706f42b%3A0xec30ea873b5bddc4!2sEspace%20Sportif%20Nelson%20Paillou%20Bec%20Handball!5e0!3m2!1sfr!2sfr!4v1759794939867!5m2!1sfr!2sfr\" height=\"450\" allowfullscreen=\"allowfullscreen\"><\/iframe><\/p>\n<\/div><\/section><br \/>\n<div   class='hr hr-default   avia-builder-el-7  el_after_av_textblock  el_before_av_textblock '><span class='hr-inner ' ><span class='hr-inner-style'><\/span><\/span><\/div><br \/>\n<section class=\"av_textblock_section \"  itemscope=\"itemscope\" itemtype=\"https:\/\/schema.org\/CreativeWork\" ><div class='avia_textblock  '   itemprop=\"text\" ><p style=\"text-align: center;\"><strong>Salle JEAN DAUGUET<\/strong><\/p>\n<p style=\"text-align: center;\">15 rue Ferdinand Palau, 33100 Bordeaux<\/p>\n<p style=\"text-align: center;\"><em>salle des Girondins de Bordeaux, club avec lequel le BEC a une convention de partenariat<\/em><\/p>\n<p style=\"text-align: center;\"><br class=\"avia-permanent-lb\" \/><iframe style=\"border: 0;\" src=\"https:\/\/www.google.com\/maps\/embed?pb=!1m18!1m12!1m3!1d11315.879214907407!2d-0.5615508921874569!3d44.842548300000004!2m3!1f0!2f0!3f0!3m2!1i1024!2i768!4f13.1!3m3!1m2!1s0xd55280d63284d5b%3A0x1e2f8185ca412086!2sSalle%20des%20Sports%20Jean%20Dauguet!5e0!3m2!1sfr!2sfr!4v1759795094811!5m2!1sfr!2sfr\" height=\"450\" allowfullscreen=\"allowfullscreen\"><\/iframe><\/p>\n<\/div><\/section><\/p><\/div>\n","protected":false},"excerpt":{"rendered":"","protected":false},"author":1,"featured_media":0,"parent":0,"menu_order":35,"comment_status":"open","ping_status":"closed","template":"","meta":{"footnotes":""},"class_list":["post-3593","page","type-page","status-publish","hentry"],"yoast_head":"<!-- This site is optimized with the Yoast SEO plugin v27.5 - https:\/\/yoast.com\/product\/yoast-seo-wordpress\/ -->\n<title>LOCALISATION - BEC-HANDBALL<\/title>\n<meta name=\"description\" content=\"Actualit\u00e9s de la section HANDBALL du BEC (Bordeaux \u00c9tudiants Club) La section handball du BEC (Bordeaux \u00c9tudiants Club) est l&#039;une des plus ancienne. \u00a0Elle a \u00e9t\u00e9 cr\u00e9\u00e9 par Nelson Paillou ancien pr\u00e9sident du CIO. \u00a0Nous avons un palmar\u00e8s \u00e9loquent : * 3 titres de championne de France, * 7 coupes d&#039;Europe, * 2 titres de coupe de France Venez participer \u00e0 nos prochains exploits\" \/>\n<meta name=\"robots\" content=\"index, follow, max-snippet:-1, max-image-preview:large, max-video-preview:-1\" \/>\n<link rel=\"canonical\" href=\"https:\/\/www.bec-handball.fr\/BEC\/localisation\/\" \/>\n<meta property=\"og:locale\" content=\"fr_FR\" \/>\n<meta property=\"og:type\" content=\"article\" \/>\n<meta property=\"og:title\" content=\"LOCALISATION - BEC-HANDBALL\" \/>\n<meta property=\"og:description\" content=\"Actualit\u00e9s de la section HANDBALL du BEC (Bordeaux \u00c9tudiants Club) La section handball du BEC (Bordeaux \u00c9tudiants Club) est l&#039;une des plus ancienne. \u00a0Elle a \u00e9t\u00e9 cr\u00e9\u00e9 par Nelson Paillou ancien pr\u00e9sident du CIO. \u00a0Nous avons un palmar\u00e8s \u00e9loquent : * 3 titres de championne de France, * 7 coupes d&#039;Europe, * 2 titres de coupe de France Venez participer \u00e0 nos prochains exploits\" \/>\n<meta property=\"og:url\" content=\"https:\/\/www.bec-handball.fr\/BEC\/localisation\/\" \/>\n<meta property=\"og:site_name\" content=\"BEC-HANDBALL\" \/>\n<meta property=\"article:publisher\" content=\"https:\/\/www.facebook.com\/BordeauxEtudiantsClubHandball\" \/>\n<meta property=\"article:modified_time\" content=\"2026-02-18T17:56:48+00:00\" \/>\n<meta name=\"twitter:card\" content=\"summary_large_image\" \/>\n<meta name=\"twitter:site\" content=\"@BECHandBall\" \/>\n<meta name=\"twitter:label1\" content=\"Dur\u00e9e de lecture estim\u00e9e\" \/>\n\t<meta name=\"twitter:data1\" content=\"2 minutes\" \/>\n<script type=\"application\/ld+json\" class=\"yoast-schema-graph\">{\"@context\":\"https:\\\/\\\/schema.org\",\"@graph\":[{\"@type\":\"WebPage\",\"@id\":\"https:\\\/\\\/www.bec-handball.fr\\\/BEC\\\/localisation\\\/\",\"url\":\"https:\\\/\\\/www.bec-handball.fr\\\/BEC\\\/localisation\\\/\",\"name\":\"LOCALISATION - BEC-HANDBALL\",\"isPartOf\":{\"@id\":\"https:\\\/\\\/www.bec-handball.fr\\\/BEC\\\/#website\"},\"datePublished\":\"2017-06-30T07:19:13+00:00\",\"dateModified\":\"2026-02-18T17:56:48+00:00\",\"description\":\"Actualit\u00e9s de la section HANDBALL du BEC (Bordeaux \u00c9tudiants Club) La section handball du BEC (Bordeaux \u00c9tudiants Club) est l'une des plus ancienne. \u00a0Elle a \u00e9t\u00e9 cr\u00e9\u00e9 par Nelson Paillou ancien pr\u00e9sident du CIO. \u00a0Nous avons un palmar\u00e8s \u00e9loquent : * 3 titres de championne de France, * 7 coupes d'Europe, * 2 titres de coupe de France Venez participer \u00e0 nos prochains exploits\",\"breadcrumb\":{\"@id\":\"https:\\\/\\\/www.bec-handball.fr\\\/BEC\\\/localisation\\\/#breadcrumb\"},\"inLanguage\":\"fr-FR\",\"potentialAction\":[{\"@type\":\"ReadAction\",\"target\":[\"https:\\\/\\\/www.bec-handball.fr\\\/BEC\\\/localisation\\\/\"]}]},{\"@type\":\"BreadcrumbList\",\"@id\":\"https:\\\/\\\/www.bec-handball.fr\\\/BEC\\\/localisation\\\/#breadcrumb\",\"itemListElement\":[{\"@type\":\"ListItem\",\"position\":1,\"name\":\"Accueil\",\"item\":\"https:\\\/\\\/www.bec-handball.fr\\\/BEC\\\/\"},{\"@type\":\"ListItem\",\"position\":2,\"name\":\"LOCALISATION\"}]},{\"@type\":\"WebSite\",\"@id\":\"https:\\\/\\\/www.bec-handball.fr\\\/BEC\\\/#website\",\"url\":\"https:\\\/\\\/www.bec-handball.fr\\\/BEC\\\/\",\"name\":\"BEC-HANDBALL\",\"description\":\"\",\"publisher\":{\"@id\":\"https:\\\/\\\/www.bec-handball.fr\\\/BEC\\\/#organization\"},\"potentialAction\":[{\"@type\":\"SearchAction\",\"target\":{\"@type\":\"EntryPoint\",\"urlTemplate\":\"https:\\\/\\\/www.bec-handball.fr\\\/BEC\\\/?s={search_term_string}\"},\"query-input\":{\"@type\":\"PropertyValueSpecification\",\"valueRequired\":true,\"valueName\":\"search_term_string\"}}],\"inLanguage\":\"fr-FR\"},{\"@type\":\"Organization\",\"@id\":\"https:\\\/\\\/www.bec-handball.fr\\\/BEC\\\/#organization\",\"name\":\"BEC-HANDBALL\",\"url\":\"https:\\\/\\\/www.bec-handball.fr\\\/BEC\\\/\",\"logo\":{\"@type\":\"ImageObject\",\"inLanguage\":\"fr-FR\",\"@id\":\"https:\\\/\\\/www.bec-handball.fr\\\/BEC\\\/#\\\/schema\\\/logo\\\/image\\\/\",\"url\":\"https:\\\/\\\/www.bec-handball.fr\\\/BEC\\\/wp-content\\\/uploads\\\/2023\\\/07\\\/cropped-LOGO-BEC-CARRE-WEB.png\",\"contentUrl\":\"https:\\\/\\\/www.bec-handball.fr\\\/BEC\\\/wp-content\\\/uploads\\\/2023\\\/07\\\/cropped-LOGO-BEC-CARRE-WEB.png\",\"width\":512,\"height\":512,\"caption\":\"BEC-HANDBALL\"},\"image\":{\"@id\":\"https:\\\/\\\/www.bec-handball.fr\\\/BEC\\\/#\\\/schema\\\/logo\\\/image\\\/\"},\"sameAs\":[\"https:\\\/\\\/www.facebook.com\\\/BordeauxEtudiantsClubHandball\",\"https:\\\/\\\/x.com\\\/BECHandBall\",\"https:\\\/\\\/www.instagram.com\\\/bechandball\\\/\"]}]}<\/script>\n<!-- \/ Yoast SEO plugin. -->","yoast_head_json":{"title":"LOCALISATION - BEC-HANDBALL","description":"Actualit\u00e9s de la section HANDBALL du BEC (Bordeaux \u00c9tudiants Club) La section handball du BEC (Bordeaux \u00c9tudiants Club) est l'une des plus ancienne. \u00a0Elle a \u00e9t\u00e9 cr\u00e9\u00e9 par Nelson Paillou ancien pr\u00e9sident du CIO. \u00a0Nous avons un palmar\u00e8s \u00e9loquent : * 3 titres de championne de France, * 7 coupes d'Europe, * 2 titres de coupe de France Venez participer \u00e0 nos prochains exploits","robots":{"index":"index","follow":"follow","max-snippet":"max-snippet:-1","max-image-preview":"max-image-preview:large","max-video-preview":"max-video-preview:-1"},"canonical":"https:\/\/www.bec-handball.fr\/BEC\/localisation\/","og_locale":"fr_FR","og_type":"article","og_title":"LOCALISATION - BEC-HANDBALL","og_description":"Actualit\u00e9s de la section HANDBALL du BEC (Bordeaux \u00c9tudiants Club) La section handball du BEC (Bordeaux \u00c9tudiants Club) est l'une des plus ancienne. \u00a0Elle a \u00e9t\u00e9 cr\u00e9\u00e9 par Nelson Paillou ancien pr\u00e9sident du CIO. \u00a0Nous avons un palmar\u00e8s \u00e9loquent : * 3 titres de championne de France, * 7 coupes d'Europe, * 2 titres de coupe de France Venez participer \u00e0 nos prochains exploits","og_url":"https:\/\/www.bec-handball.fr\/BEC\/localisation\/","og_site_name":"BEC-HANDBALL","article_publisher":"https:\/\/www.facebook.com\/BordeauxEtudiantsClubHandball","article_modified_time":"2026-02-18T17:56:48+00:00","twitter_card":"summary_large_image","twitter_site":"@BECHandBall","twitter_misc":{"Dur\u00e9e de lecture estim\u00e9e":"2 minutes"},"schema":{"@context":"https:\/\/schema.org","@graph":[{"@type":"WebPage","@id":"https:\/\/www.bec-handball.fr\/BEC\/localisation\/","url":"https:\/\/www.bec-handball.fr\/BEC\/localisation\/","name":"LOCALISATION - BEC-HANDBALL","isPartOf":{"@id":"https:\/\/www.bec-handball.fr\/BEC\/#website"},"datePublished":"2017-06-30T07:19:13+00:00","dateModified":"2026-02-18T17:56:48+00:00","description":"Actualit\u00e9s de la section HANDBALL du BEC (Bordeaux \u00c9tudiants Club) La section handball du BEC (Bordeaux \u00c9tudiants Club) est l'une des plus ancienne. \u00a0Elle a \u00e9t\u00e9 cr\u00e9\u00e9 par Nelson Paillou ancien pr\u00e9sident du CIO. \u00a0Nous avons un palmar\u00e8s \u00e9loquent : * 3 titres de championne de France, * 7 coupes d'Europe, * 2 titres de coupe de France Venez participer \u00e0 nos prochains exploits","breadcrumb":{"@id":"https:\/\/www.bec-handball.fr\/BEC\/localisation\/#breadcrumb"},"inLanguage":"fr-FR","potentialAction":[{"@type":"ReadAction","target":["https:\/\/www.bec-handball.fr\/BEC\/localisation\/"]}]},{"@type":"BreadcrumbList","@id":"https:\/\/www.bec-handball.fr\/BEC\/localisation\/#breadcrumb","itemListElement":[{"@type":"ListItem","position":1,"name":"Accueil","item":"https:\/\/www.bec-handball.fr\/BEC\/"},{"@type":"ListItem","position":2,"name":"LOCALISATION"}]},{"@type":"WebSite","@id":"https:\/\/www.bec-handball.fr\/BEC\/#website","url":"https:\/\/www.bec-handball.fr\/BEC\/","name":"BEC-HANDBALL","description":"","publisher":{"@id":"https:\/\/www.bec-handball.fr\/BEC\/#organization"},"potentialAction":[{"@type":"SearchAction","target":{"@type":"EntryPoint","urlTemplate":"https:\/\/www.bec-handball.fr\/BEC\/?s={search_term_string}"},"query-input":{"@type":"PropertyValueSpecification","valueRequired":true,"valueName":"search_term_string"}}],"inLanguage":"fr-FR"},{"@type":"Organization","@id":"https:\/\/www.bec-handball.fr\/BEC\/#organization","name":"BEC-HANDBALL","url":"https:\/\/www.bec-handball.fr\/BEC\/","logo":{"@type":"ImageObject","inLanguage":"fr-FR","@id":"https:\/\/www.bec-handball.fr\/BEC\/#\/schema\/logo\/image\/","url":"https:\/\/www.bec-handball.fr\/BEC\/wp-content\/uploads\/2023\/07\/cropped-LOGO-BEC-CARRE-WEB.png","contentUrl":"https:\/\/www.bec-handball.fr\/BEC\/wp-content\/uploads\/2023\/07\/cropped-LOGO-BEC-CARRE-WEB.png","width":512,"height":512,"caption":"BEC-HANDBALL"},"image":{"@id":"https:\/\/www.bec-handball.fr\/BEC\/#\/schema\/logo\/image\/"},"sameAs":["https:\/\/www.facebook.com\/BordeauxEtudiantsClubHandball","https:\/\/x.com\/BECHandBall","https:\/\/www.instagram.com\/bechandball\/"]}]}},"_links":{"self":[{"href":"https:\/\/www.bec-handball.fr\/BEC\/wp-json\/wp\/v2\/pages\/3593","targetHints":{"allow":["GET"]}}],"collection":[{"href":"https:\/\/www.bec-handball.fr\/BEC\/wp-json\/wp\/v2\/pages"}],"about":[{"href":"https:\/\/www.bec-handball.fr\/BEC\/wp-json\/wp\/v2\/types\/page"}],"author":[{"embeddable":true,"href":"https:\/\/www.bec-handball.fr\/BEC\/wp-json\/wp\/v2\/users\/1"}],"replies":[{"embeddable":true,"href":"https:\/\/www.bec-handball.fr\/BEC\/wp-json\/wp\/v2\/comments?post=3593"}],"version-history":[{"count":11,"href":"https:\/\/www.bec-handball.fr\/BEC\/wp-json\/wp\/v2\/pages\/3593\/revisions"}],"predecessor-version":[{"id":9310,"href":"https:\/\/www.bec-handball.fr\/BEC\/wp-json\/wp\/v2\/pages\/3593\/revisions\/9310"}],"wp:attachment":[{"href":"https:\/\/www.bec-handball.fr\/BEC\/wp-json\/wp\/v2\/media?parent=3593"}],"curies":[{"name":"wp","href":"https:\/\/api.w.org\/{rel}","templated":true}]}}