{"id":3523,"date":"2014-08-18T09:46:03","date_gmt":"2014-08-18T07:46:03","guid":{"rendered":"http:\/\/www.emmafrouin.com\/wordpressbec\/wordpress\/?page_id=9"},"modified":"2025-10-15T04:17:53","modified_gmt":"2025-10-15T02:17:53","slug":"charte-du-bec","status":"publish","type":"page","link":"https:\/\/www.bec-handball.fr\/BEC\/charte-du-bec\/","title":{"rendered":"Charte du BEC Handball"},"content":{"rendered":"<div class=\"flex_column av_one_full  flex_column_div first  avia-builder-el-0  el_before_av_hr  avia-builder-el-first  \" ><p><div  style='padding-bottom:10px; ' class='av-special-heading av-special-heading-h3    avia-builder-el-1  el_before_av_icon_box  avia-builder-el-first  '><h3 class='av-special-heading-tag '  itemprop=\"headline\"  >Pr\u00e9ambule<\/h3><div class='special-heading-border'><div class='special-heading-inner-border' ><\/div><\/div><\/div><br \/>\n<article  class=\"iconbox iconbox_left_content    avia-builder-el-2  el_after_av_heading  avia-builder-el-last  av-icon-style-no-border\"  itemscope=\"itemscope\" itemtype=\"https:\/\/schema.org\/CreativeWork\" ><div class=\"iconbox_icon heading-color\" aria-hidden='true' data-av_icon='\ue833' data-av_iconfont='entypo-fontello'  style='color:#b02b2c; ' ><\/div><div class=\"iconbox_content\"><header class=\"entry-content-header\"><\/header><div class='iconbox_content_container  '  itemprop=\"text\"  ><blockquote>\n<p>Vous avez choisi de participer par votre adh\u00e9sion ou par celle de votre enfant aux activit\u00e9s du BEC Handball.<\/p>\n<p>L\u2019adh\u00e9sion est un acte volontaire qui implique un engagement \u00e0 participer et \u00e0 apporter son concours au fonctionnement et au d\u00e9veloppement de l\u2019association.<\/p>\n<p>Le BEC Handball est une association dont le r\u00e8glement int\u00e9rieur s\u2019applique \u00e0 tous les licenci\u00e9s et aux parents. Celui-ci est consultable au si\u00e8ge du club.<\/p>\n<p>La Charte du BEC Handball s\u2019adresse aux joueurs, entra\u00eeneurs, dirigeants, accompagnateurs et parents. Elle s\u2019applique \u00e0 tous les licenci\u00e9s de la section : de l\u2019<strong>Ecole de handball<\/strong> jusqu\u2019\u00e0 l\u2019<strong>\u00e9quipe loisirs<\/strong> ainsi qu\u2019aux <strong>dirigeants<\/strong>.<\/p>\n<\/blockquote>\n<\/div><\/div><footer class=\"entry-footer\"><\/footer><\/article><\/p><\/div>\n<div   class='hr hr-default   avia-builder-el-3  el_after_av_one_full  el_before_av_iconlist '><span class='hr-inner ' ><span class='hr-inner-style'><\/span><\/span><\/div>\n<div  class='avia-icon-list-container   avia-builder-el-4  el_after_av_hr  avia-builder-el-last '><ul class='avia-icon-list avia-icon-list-left av-iconlist-big avia_animate_when_almost_visible avia-iconlist-animate'>\n<li><div  style='background-color:#b02b2c; ' class='iconlist_icon  avia-font-entypo-fontello'><span class='iconlist-char ' aria-hidden='true' data-av_icon='\ue8c9' data-av_iconfont='entypo-fontello'><\/span><\/div><article class=\"article-icon-entry \"  itemscope=\"itemscope\" itemtype=\"https:\/\/schema.org\/CreativeWork\" ><div class='iconlist_content_wrap'><header class=\"entry-content-header\"><h4 class='av_iconlist_title iconlist_title   '  itemprop=\"headline\"  >Droits et devoirs<\/h4><\/header><div class='iconlist_content  '  itemprop=\"text\"  ><p><br class=\"avia-permanent-lb\" \/><\/p>\n<h4 style=\"text-align: center;\">L\u2019adh\u00e9rent<\/h4>\n<ul>\n<li>Il doit \u00eatre \u00e0 jour de sa <strong>cotisation<\/strong> pour \u00eatre licenci\u00e9 et participer aux entra\u00eenements et aux comp\u00e9titions. Des facilit\u00e9s de paiement sont consenties pour permettre \u00e0 tout \u00e0 chacun de pouvoir adh\u00e9rer au BEC Handball.<\/li>\n<li>Il doit <strong>respecter les personnes<\/strong> qu\u2019il c\u00f4toie dans le cadre de sa pratique : Partenaires, entra\u00eeneurs, dirigeants, arbitres, adversaires, public\u2026<\/li>\n<li>Il s\u2019engage \u00e0 <strong>respecter les locaux<\/strong> dans lesquels il \u00e9volue durant les entrainements, les comp\u00e9titions et les diverses manifestations : gymnases, vestiaires, si\u00e8ge du club, etc\u2026 <strong>\u00e0 domicile comme \u00e0 l\u2019ext\u00e9rieur<\/strong>.<\/li>\n<\/ul>\n<h4 style=\"text-align: center;\">Le joueur<\/h4>\n<ul>\n<li>Il s\u2019engage \u00e0 \u00eatre <strong>assidu aux entra\u00eenements et aux matchs<\/strong>. En cas d\u2019absence, il est tenu de pr\u00e9venir son entra\u00eeneur. Si elle n\u2019est pas justifi\u00e9e l\u2019entra\u00eeneur pourra d\u00e9cider de la non-participation du joueur au match. En cas d\u2019absences r\u00e9p\u00e9t\u00e9es et non justifi\u00e9es, le Bureau Directeur du BEC handball, se r\u00e9serve le droit d\u2019exclure le joueur concern\u00e9.<\/li>\n<li>Il s\u2019engage \u00e0 <strong>participer \u00e0 toutes les comp\u00e9titions<\/strong> auxquelles son \u00e9quipe est inscrite. Il doit \u00eatre pr\u00e9sent aux matchs lorsqu\u2019il est convoqu\u00e9 par son entra\u00eeneur : \u00e0 domicile comme \u00e0 l\u2019ext\u00e9rieur, le samedi comme le dimanche.<\/li>\n<li>Il s\u2019engage \u00e0 <strong>respecter les horaires d\u2019entra\u00eenements, des convocations de matchs<\/strong> ainsi que les lieux de rendez-vous.<\/li>\n<li>Le port d\u2019une <strong>tenue de sport est obligatoire<\/strong> pour l\u2019entra\u00eenement : chaussures de sport, surv\u00eatement, short, short, maillot.<\/li>\n<li>Pour les matchs, tous les joueurs doivent porter <strong>le maillot et le short fourni par le club<\/strong>. A l\u2019issue de chaque rencontre, le joueur restitue son maillot et son short. Le sac d\u2019\u00e9quipements sales est confi\u00e9 \u00e0 un joueur, \u00e0 tour de r\u00f4le, pour en assurer le lavage.<\/li>\n<li>Chaque joueur, \u00e0 partir de la cat\u00e9gorie -13 ans, sera amen\u00e9 \u00e0 <strong>arbitrer<\/strong>, \u00e0 <strong>tenir la table de marque<\/strong> lors des matchs \u00e0 domicile.<\/li>\n<\/ul>\n<h4 style=\"text-align: center;\">L\u2019entra\u00eeneur<\/h4>\n<ul>\n<li>Il s\u2019engage \u00e0 \u00eatre pr\u00e9sent \u00e0 <strong>tous les entra\u00eenements et les matchs<\/strong>, en cas d\u2019emp\u00eachement, il doit pr\u00e9venir pr\u00e9alablement le Responsable Sportif afin de pouvoir effectuer le remplacement.<\/li>\n<li>Il s\u2019engage \u00e0 \u00eatre pr\u00e9sent environ <strong>20\u2019 avant le d\u00e9but des entra\u00eenements<\/strong> afin d\u2019assurer l\u2019accueil des joueurs.<\/li>\n<li>Il doit, comme les joueurs, porter une <strong>tenue de sport correcte<\/strong>.<\/li>\n<li>Il ne doit <strong>pas faire de diff\u00e9rence entre les joueurs<\/strong> ; il doit \u00eatre autoritaire tout en restant <strong>compr\u00e9hensif<\/strong> ; il doit \u00eatre de <strong>bonne humeur<\/strong> : ne pas oublier que le handball est d\u2019abord un <strong>jeu<\/strong>.<\/li>\n<li>Il doit avoir pr\u00e9par\u00e9 sa s\u00e9ance d\u2019entra\u00eenement, apporter ses notes. Il doit mettre en place des <strong>exercices<\/strong> <strong>adapt\u00e9s<\/strong> au niveau des joueurs et apporter les r\u00e9gulations n\u00e9cessaires \u00e0 la r\u00e9ussite des joueurs.<\/li>\n<li>Lors des matchs, il doit \u00e0 avoir une attitude <strong>positive<\/strong> : <strong>respect<\/strong> des arbitres, des adversaires, des personnes en charge de la table de marque et du public.<\/li>\n<\/ul>\n<h4 style=\"text-align: center;\">Les parents<\/h4>\n<ul>\n<li>Vous devez vous assurer de la <strong>pr\u00e9sence de l\u2019entra\u00eeneur<\/strong> \u00e0 l\u2019arriv\u00e9e votre enfant sur les lieux d\u2019entra\u00eenement, de rendez-vous pour les matchs et \u00eatre pr\u00e9sents \u00e0 la fin de l\u2019entra\u00eenement, les enfants ne d\u00e9pendent de l\u2019entra\u00eeneur que pour la dur\u00e9e de la s\u00e9ance.<\/li>\n<li>Vous devez r\u00e9pondre aux <strong>convocations<\/strong> de l\u2019entra\u00eeneur et du Bureau Directeur. En cas d\u2019absence, pr\u00e9venez pr\u00e9alablement l\u2019entraineur de votre enfant.<\/li>\n<li>Pour organiser les d\u00e9placements, lors des matches \u00e0 l\u2019ext\u00e9rieur, il vous sera demand\u00e9 votre participation pour <strong>accompagner<\/strong> l\u2019\u00e9quipe de votre enfant. Vous b\u00e9n\u00e9ficierez de la couverture Responsabilit\u00e9 Civile de l\u2019assurance du club quand vous utilisez votre v\u00e9hicule pour transporter des adh\u00e9rents.<\/li>\n<li>Vous serez sollicit\u00e9 pour le lavage du <strong>jeu de maillot de l\u2019\u00e9quipe<\/strong> de votre enfant. Celui-ci devant \u00eatre assur\u00e9 \u00e0 <strong>tour de r\u00f4le<\/strong> par les famille<\/li>\n<\/ul>\n<\/div><\/div><footer class=\"entry-footer\"><\/footer><\/article><div class='iconlist-timeline'><\/div><\/li>\n<li><div  style='background-color:#b02b2c; ' class='iconlist_icon  avia-font-entypo-fontello'><span class='iconlist-char ' aria-hidden='true' data-av_icon='\ue82a' data-av_iconfont='entypo-fontello'><\/span><\/div><article class=\"article-icon-entry \"  itemscope=\"itemscope\" itemtype=\"https:\/\/schema.org\/CreativeWork\" ><div class='iconlist_content_wrap'><header class=\"entry-content-header\"><h4 class='av_iconlist_title iconlist_title   '  itemprop=\"headline\"  >Discipline<\/h4><\/header><div class='iconlist_content  '  itemprop=\"text\"  ><p>La Commission de Discipline, interne au club, d\u00e9cide des mesures \u00e0 prendre \u00e0 l\u2019encontre d\u2019un joueur disqualifi\u00e9 directement par un arbitre : <strong>carton rouge direct avec rapport d\u2019arbitre<\/strong>. Dans tous les cas, sauf action de jeu, le joueur sera automatiquement suspendu par le club jusqu\u2019\u00e0 la notification de l\u2019instance f\u00e9d\u00e9rale en charge du dossier. Si cette d\u00e9cision est assortie d\u2019une amende financi\u00e8re, <strong>elle sera \u00e0 la charge du joueur ou de ses parents s\u2019il est mineur<\/strong>.<br \/>\nEn cas de manquement grave \u00e0 cette charte, le Bureau directeur pourra adopter des sanctions adapt\u00e9es allant de la r\u00e9paration de la faute jusqu\u2019\u00e0 la radiation du club en passant par l\u2019avertissement ou la suspension.<\/p>\n<p>Se licencier au <strong>BEC Handball<\/strong>, c\u2019est accepter un contrat pour la saison enti\u00e8re et respecter le Code du Sportif<\/p>\n<\/div><\/div><footer class=\"entry-footer\"><\/footer><\/article><div class='iconlist-timeline'><\/div><\/li>\n<li><div  style='background-color:#b02b2c; ' class='iconlist_icon  avia-font-entypo-fontello'><span class='iconlist-char ' aria-hidden='true' data-av_icon='\ue82b' data-av_iconfont='entypo-fontello'><\/span><\/div><article class=\"article-icon-entry \"  itemscope=\"itemscope\" itemtype=\"https:\/\/schema.org\/CreativeWork\" ><div class='iconlist_content_wrap'><header class=\"entry-content-header\"><h4 class='av_iconlist_title iconlist_title   '  itemprop=\"headline\"  >Code du sportif<\/h4><\/header><div class='iconlist_content  '  itemprop=\"text\"  ><p>Tout sportif, d\u00e9butant ou champion, s\u2019engage \u00e0 :<\/p>\n<ul>\n<li>Se conformer aux r\u00e8gles de jeu<\/li>\n<li>Respecter les d\u00e9cisions des arbitres<\/li>\n<li>Respecter ses adversaires et ses partenaires<\/li>\n<li>Refuser toute forme de tricherie<\/li>\n<li>Etre ma\u00eetre de soi en toute circonstance<\/li>\n<li>Etre loyal dans le sport et dans la vie<\/li>\n<li>Etre exemplaire, g\u00e9n\u00e9reux et tol\u00e9rant<\/li>\n<\/ul>\n<p>A.F.S.V.F.P. <strong>A<\/strong>ssociation <strong>F<\/strong>ran\u00e7aise pour un <strong>S<\/strong>port sans <strong>V<\/strong>iolence et pour le <strong>F<\/strong>air-PlayC<\/p>\n<\/div><\/div><footer class=\"entry-footer\"><\/footer><\/article><div class='iconlist-timeline'><\/div><\/li>\n<\/ul><\/div>\n","protected":false},"excerpt":{"rendered":"","protected":false},"author":1,"featured_media":0,"parent":0,"menu_order":36,"comment_status":"open","ping_status":"closed","template":"","meta":{"footnotes":""},"class_list":["post-3523","page","type-page","status-publish","hentry"],"yoast_head":"<!-- This site is optimized with the Yoast SEO plugin v27.4 - https:\/\/yoast.com\/product\/yoast-seo-wordpress\/ -->\n<title>Charte du BEC Handball - BEC-HANDBALL<\/title>\n<meta name=\"description\" content=\"Actualit\u00e9s de la section HANDBALL du BEC (Bordeaux \u00c9tudiants Club) La section handball du BEC (Bordeaux \u00c9tudiants Club) est l&#039;une des plus ancienne. \u00a0Elle a \u00e9t\u00e9 cr\u00e9\u00e9 par Nelson Paillou ancien pr\u00e9sident du CIO. \u00a0Nous avons un palmar\u00e8s \u00e9loquent : * 3 titres de championne de France, * 7 coupes d&#039;Europe, * 2 titres de coupe de France Venez participer \u00e0 nos prochains exploits\" \/>\n<meta name=\"robots\" content=\"index, follow, max-snippet:-1, max-image-preview:large, max-video-preview:-1\" \/>\n<link rel=\"canonical\" href=\"https:\/\/www.bec-handball.fr\/BEC\/charte-du-bec\/\" \/>\n<meta property=\"og:locale\" content=\"fr_FR\" \/>\n<meta property=\"og:type\" content=\"article\" \/>\n<meta property=\"og:title\" content=\"Charte du BEC Handball - BEC-HANDBALL\" \/>\n<meta property=\"og:description\" content=\"Actualit\u00e9s de la section HANDBALL du BEC (Bordeaux \u00c9tudiants Club) La section handball du BEC (Bordeaux \u00c9tudiants Club) est l&#039;une des plus ancienne. \u00a0Elle a \u00e9t\u00e9 cr\u00e9\u00e9 par Nelson Paillou ancien pr\u00e9sident du CIO. \u00a0Nous avons un palmar\u00e8s \u00e9loquent : * 3 titres de championne de France, * 7 coupes d&#039;Europe, * 2 titres de coupe de France Venez participer \u00e0 nos prochains exploits\" \/>\n<meta property=\"og:url\" content=\"https:\/\/www.bec-handball.fr\/BEC\/charte-du-bec\/\" \/>\n<meta property=\"og:site_name\" content=\"BEC-HANDBALL\" \/>\n<meta property=\"article:publisher\" content=\"https:\/\/www.facebook.com\/BordeauxEtudiantsClubHandball\" \/>\n<meta property=\"article:modified_time\" content=\"2025-10-15T02:17:53+00:00\" \/>\n<meta name=\"twitter:card\" content=\"summary_large_image\" \/>\n<meta name=\"twitter:site\" content=\"@BECHandBall\" \/>\n<meta name=\"twitter:label1\" content=\"Dur\u00e9e de lecture estim\u00e9e\" \/>\n\t<meta name=\"twitter:data1\" content=\"5 minutes\" \/>\n<script type=\"application\/ld+json\" class=\"yoast-schema-graph\">{\"@context\":\"https:\\\/\\\/schema.org\",\"@graph\":[{\"@type\":\"WebPage\",\"@id\":\"https:\\\/\\\/www.bec-handball.fr\\\/BEC\\\/charte-du-bec\\\/\",\"url\":\"https:\\\/\\\/www.bec-handball.fr\\\/BEC\\\/charte-du-bec\\\/\",\"name\":\"Charte du BEC Handball - BEC-HANDBALL\",\"isPartOf\":{\"@id\":\"https:\\\/\\\/www.bec-handball.fr\\\/BEC\\\/#website\"},\"datePublished\":\"2014-08-18T07:46:03+00:00\",\"dateModified\":\"2025-10-15T02:17:53+00:00\",\"description\":\"Actualit\u00e9s de la section HANDBALL du BEC (Bordeaux \u00c9tudiants Club) La section handball du BEC (Bordeaux \u00c9tudiants Club) est l'une des plus ancienne. \u00a0Elle a \u00e9t\u00e9 cr\u00e9\u00e9 par Nelson Paillou ancien pr\u00e9sident du CIO. \u00a0Nous avons un palmar\u00e8s \u00e9loquent : * 3 titres de championne de France, * 7 coupes d'Europe, * 2 titres de coupe de France Venez participer \u00e0 nos prochains exploits\",\"breadcrumb\":{\"@id\":\"https:\\\/\\\/www.bec-handball.fr\\\/BEC\\\/charte-du-bec\\\/#breadcrumb\"},\"inLanguage\":\"fr-FR\",\"potentialAction\":[{\"@type\":\"ReadAction\",\"target\":[\"https:\\\/\\\/www.bec-handball.fr\\\/BEC\\\/charte-du-bec\\\/\"]}]},{\"@type\":\"BreadcrumbList\",\"@id\":\"https:\\\/\\\/www.bec-handball.fr\\\/BEC\\\/charte-du-bec\\\/#breadcrumb\",\"itemListElement\":[{\"@type\":\"ListItem\",\"position\":1,\"name\":\"Accueil\",\"item\":\"https:\\\/\\\/www.bec-handball.fr\\\/BEC\\\/\"},{\"@type\":\"ListItem\",\"position\":2,\"name\":\"Charte du BEC Handball\"}]},{\"@type\":\"WebSite\",\"@id\":\"https:\\\/\\\/www.bec-handball.fr\\\/BEC\\\/#website\",\"url\":\"https:\\\/\\\/www.bec-handball.fr\\\/BEC\\\/\",\"name\":\"BEC-HANDBALL\",\"description\":\"\",\"publisher\":{\"@id\":\"https:\\\/\\\/www.bec-handball.fr\\\/BEC\\\/#organization\"},\"potentialAction\":[{\"@type\":\"SearchAction\",\"target\":{\"@type\":\"EntryPoint\",\"urlTemplate\":\"https:\\\/\\\/www.bec-handball.fr\\\/BEC\\\/?s={search_term_string}\"},\"query-input\":{\"@type\":\"PropertyValueSpecification\",\"valueRequired\":true,\"valueName\":\"search_term_string\"}}],\"inLanguage\":\"fr-FR\"},{\"@type\":\"Organization\",\"@id\":\"https:\\\/\\\/www.bec-handball.fr\\\/BEC\\\/#organization\",\"name\":\"BEC-HANDBALL\",\"url\":\"https:\\\/\\\/www.bec-handball.fr\\\/BEC\\\/\",\"logo\":{\"@type\":\"ImageObject\",\"inLanguage\":\"fr-FR\",\"@id\":\"https:\\\/\\\/www.bec-handball.fr\\\/BEC\\\/#\\\/schema\\\/logo\\\/image\\\/\",\"url\":\"https:\\\/\\\/www.bec-handball.fr\\\/BEC\\\/wp-content\\\/uploads\\\/2023\\\/07\\\/cropped-LOGO-BEC-CARRE-WEB.png\",\"contentUrl\":\"https:\\\/\\\/www.bec-handball.fr\\\/BEC\\\/wp-content\\\/uploads\\\/2023\\\/07\\\/cropped-LOGO-BEC-CARRE-WEB.png\",\"width\":512,\"height\":512,\"caption\":\"BEC-HANDBALL\"},\"image\":{\"@id\":\"https:\\\/\\\/www.bec-handball.fr\\\/BEC\\\/#\\\/schema\\\/logo\\\/image\\\/\"},\"sameAs\":[\"https:\\\/\\\/www.facebook.com\\\/BordeauxEtudiantsClubHandball\",\"https:\\\/\\\/x.com\\\/BECHandBall\",\"https:\\\/\\\/www.instagram.com\\\/bechandball\\\/\"]}]}<\/script>\n<!-- \/ Yoast SEO plugin. -->","yoast_head_json":{"title":"Charte du BEC Handball - BEC-HANDBALL","description":"Actualit\u00e9s de la section HANDBALL du BEC (Bordeaux \u00c9tudiants Club) La section handball du BEC (Bordeaux \u00c9tudiants Club) est l'une des plus ancienne. \u00a0Elle a \u00e9t\u00e9 cr\u00e9\u00e9 par Nelson Paillou ancien pr\u00e9sident du CIO. \u00a0Nous avons un palmar\u00e8s \u00e9loquent : * 3 titres de championne de France, * 7 coupes d'Europe, * 2 titres de coupe de France Venez participer \u00e0 nos prochains exploits","robots":{"index":"index","follow":"follow","max-snippet":"max-snippet:-1","max-image-preview":"max-image-preview:large","max-video-preview":"max-video-preview:-1"},"canonical":"https:\/\/www.bec-handball.fr\/BEC\/charte-du-bec\/","og_locale":"fr_FR","og_type":"article","og_title":"Charte du BEC Handball - BEC-HANDBALL","og_description":"Actualit\u00e9s de la section HANDBALL du BEC (Bordeaux \u00c9tudiants Club) La section handball du BEC (Bordeaux \u00c9tudiants Club) est l'une des plus ancienne. \u00a0Elle a \u00e9t\u00e9 cr\u00e9\u00e9 par Nelson Paillou ancien pr\u00e9sident du CIO. \u00a0Nous avons un palmar\u00e8s \u00e9loquent : * 3 titres de championne de France, * 7 coupes d'Europe, * 2 titres de coupe de France Venez participer \u00e0 nos prochains exploits","og_url":"https:\/\/www.bec-handball.fr\/BEC\/charte-du-bec\/","og_site_name":"BEC-HANDBALL","article_publisher":"https:\/\/www.facebook.com\/BordeauxEtudiantsClubHandball","article_modified_time":"2025-10-15T02:17:53+00:00","twitter_card":"summary_large_image","twitter_site":"@BECHandBall","twitter_misc":{"Dur\u00e9e de lecture estim\u00e9e":"5 minutes"},"schema":{"@context":"https:\/\/schema.org","@graph":[{"@type":"WebPage","@id":"https:\/\/www.bec-handball.fr\/BEC\/charte-du-bec\/","url":"https:\/\/www.bec-handball.fr\/BEC\/charte-du-bec\/","name":"Charte du BEC Handball - BEC-HANDBALL","isPartOf":{"@id":"https:\/\/www.bec-handball.fr\/BEC\/#website"},"datePublished":"2014-08-18T07:46:03+00:00","dateModified":"2025-10-15T02:17:53+00:00","description":"Actualit\u00e9s de la section HANDBALL du BEC (Bordeaux \u00c9tudiants Club) La section handball du BEC (Bordeaux \u00c9tudiants Club) est l'une des plus ancienne. \u00a0Elle a \u00e9t\u00e9 cr\u00e9\u00e9 par Nelson Paillou ancien pr\u00e9sident du CIO. \u00a0Nous avons un palmar\u00e8s \u00e9loquent : * 3 titres de championne de France, * 7 coupes d'Europe, * 2 titres de coupe de France Venez participer \u00e0 nos prochains exploits","breadcrumb":{"@id":"https:\/\/www.bec-handball.fr\/BEC\/charte-du-bec\/#breadcrumb"},"inLanguage":"fr-FR","potentialAction":[{"@type":"ReadAction","target":["https:\/\/www.bec-handball.fr\/BEC\/charte-du-bec\/"]}]},{"@type":"BreadcrumbList","@id":"https:\/\/www.bec-handball.fr\/BEC\/charte-du-bec\/#breadcrumb","itemListElement":[{"@type":"ListItem","position":1,"name":"Accueil","item":"https:\/\/www.bec-handball.fr\/BEC\/"},{"@type":"ListItem","position":2,"name":"Charte du BEC Handball"}]},{"@type":"WebSite","@id":"https:\/\/www.bec-handball.fr\/BEC\/#website","url":"https:\/\/www.bec-handball.fr\/BEC\/","name":"BEC-HANDBALL","description":"","publisher":{"@id":"https:\/\/www.bec-handball.fr\/BEC\/#organization"},"potentialAction":[{"@type":"SearchAction","target":{"@type":"EntryPoint","urlTemplate":"https:\/\/www.bec-handball.fr\/BEC\/?s={search_term_string}"},"query-input":{"@type":"PropertyValueSpecification","valueRequired":true,"valueName":"search_term_string"}}],"inLanguage":"fr-FR"},{"@type":"Organization","@id":"https:\/\/www.bec-handball.fr\/BEC\/#organization","name":"BEC-HANDBALL","url":"https:\/\/www.bec-handball.fr\/BEC\/","logo":{"@type":"ImageObject","inLanguage":"fr-FR","@id":"https:\/\/www.bec-handball.fr\/BEC\/#\/schema\/logo\/image\/","url":"https:\/\/www.bec-handball.fr\/BEC\/wp-content\/uploads\/2023\/07\/cropped-LOGO-BEC-CARRE-WEB.png","contentUrl":"https:\/\/www.bec-handball.fr\/BEC\/wp-content\/uploads\/2023\/07\/cropped-LOGO-BEC-CARRE-WEB.png","width":512,"height":512,"caption":"BEC-HANDBALL"},"image":{"@id":"https:\/\/www.bec-handball.fr\/BEC\/#\/schema\/logo\/image\/"},"sameAs":["https:\/\/www.facebook.com\/BordeauxEtudiantsClubHandball","https:\/\/x.com\/BECHandBall","https:\/\/www.instagram.com\/bechandball\/"]}]}},"_links":{"self":[{"href":"https:\/\/www.bec-handball.fr\/BEC\/wp-json\/wp\/v2\/pages\/3523","targetHints":{"allow":["GET"]}}],"collection":[{"href":"https:\/\/www.bec-handball.fr\/BEC\/wp-json\/wp\/v2\/pages"}],"about":[{"href":"https:\/\/www.bec-handball.fr\/BEC\/wp-json\/wp\/v2\/types\/page"}],"author":[{"embeddable":true,"href":"https:\/\/www.bec-handball.fr\/BEC\/wp-json\/wp\/v2\/users\/1"}],"replies":[{"embeddable":true,"href":"https:\/\/www.bec-handball.fr\/BEC\/wp-json\/wp\/v2\/comments?post=3523"}],"version-history":[{"count":16,"href":"https:\/\/www.bec-handball.fr\/BEC\/wp-json\/wp\/v2\/pages\/3523\/revisions"}],"predecessor-version":[{"id":9108,"href":"https:\/\/www.bec-handball.fr\/BEC\/wp-json\/wp\/v2\/pages\/3523\/revisions\/9108"}],"wp:attachment":[{"href":"https:\/\/www.bec-handball.fr\/BEC\/wp-json\/wp\/v2\/media?parent=3523"}],"curies":[{"name":"wp","href":"https:\/\/api.w.org\/{rel}","templated":true}]}}