{"id":148,"date":"2014-08-19T09:50:15","date_gmt":"2014-08-19T08:50:15","guid":{"rendered":"http:\/\/www.emmafrouin.com\/wordpressbec\/wordpress\/?page_id=148"},"modified":"2026-02-23T15:48:47","modified_gmt":"2026-02-23T14:48:47","slug":"18g","status":"publish","type":"page","link":"https:\/\/www.bec-handball.fr\/BEC\/18g\/","title":{"rendered":"U17\/U18 Gar\u00e7ons"},"content":{"rendered":"<div id='full_slider_1'  class='avia-fullwidth-slider main_color avia-shadow   avia-builder-el-0  el_before_av_one_half  avia-builder-el-first   container_wrap fullsize' style=' '  ><div   data-size='featured'  data-lightbox_size='large'  data-animation='slide'  data-conditional_play=''  data-ids='9317,9433'  data-video_counter='0'  data-autoplay='true'  data-bg_slider='false'  data-slide_height=''  data-handle='av_slideshow_full'  data-interval='5'  data-class=' '  data-el_id=''  data-css_id=''  data-scroll_down=''  data-control_layout='av-control-default'  data-custom_markup=''  data-perma_caption=''  data-autoplay_stopper=''  data-image_attachment=''  data-min_height='0px'  data-lazy_loading='disabled'  data-src=''  data-position='top left'  data-repeat='no-repeat'  data-attach='scroll'  data-stretch=''  data-default-height='28.666666666667'  class='avia-slideshow avia-slideshow-1  av-control-default av-default-height-applied avia-slideshow-featured av_slideshow_full   avia-slide-slider '  itemprop=\"image\" itemscope=\"itemscope\" itemtype=\"https:\/\/schema.org\/ImageObject\" ><ul class='avia-slideshow-inner ' style='padding-bottom: 28.666666666667%;' ><li  class=' slide-1 ' ><div data-rel='slideshow-1' class='avia-slide-wrap '   ><div class = \"caption_fullwidth av-slideshow-caption caption_bottom caption_bottom_framed caption_framed\"><div class = \"container caption_container\"><div class = \"slideshow_caption\"><div class = \"slideshow_inner_caption\"><div class = \"slideshow_align_caption\"><h2  style='font-size:10px; ' class='avia-caption-title   av-medium-font-size-overwrite av-medium-font-size-10 av-small-font-size-overwrite av-small-font-size-10 av-mini-font-size-overwrite av-mini-font-size-10'  itemprop=\"name\" >U17G Saison 2025-2026<\/h2><\/div><\/div><\/div><\/div><\/div><img decoding=\"async\" class=\"wp-image-9317 avia-img-lazy-loading-not-9317\"  src=\"https:\/\/www.bec-handball.fr\/BEC\/wp-content\/uploads\/2026\/02\/17G.png\" width=\"1500\" height=\"430\" title='-17G' alt=''  itemprop=\"thumbnailUrl\" srcset=\"https:\/\/www.bec-handball.fr\/BEC\/wp-content\/uploads\/2026\/02\/17G.png 1500w, https:\/\/www.bec-handball.fr\/BEC\/wp-content\/uploads\/2026\/02\/17G-300x86.png 300w, https:\/\/www.bec-handball.fr\/BEC\/wp-content\/uploads\/2026\/02\/17G-1030x295.png 1030w, https:\/\/www.bec-handball.fr\/BEC\/wp-content\/uploads\/2026\/02\/17G-768x220.png 768w, https:\/\/www.bec-handball.fr\/BEC\/wp-content\/uploads\/2026\/02\/17G-705x202.png 705w\" sizes=\"(max-width: 1500px) 100vw, 1500px\" \/><\/div><\/li><li  class=' slide-2 ' ><div data-rel='slideshow-1' class='avia-slide-wrap '   ><div class = \"caption_fullwidth av-slideshow-caption caption_bottom caption_bottom_framed caption_framed\"><div class = \"container caption_container\"><div class = \"slideshow_caption\"><div class = \"slideshow_inner_caption\"><div class = \"slideshow_align_caption\"><h2  style='font-size:10px; ' class='avia-caption-title   av-medium-font-size-overwrite av-medium-font-size-10 av-small-font-size-overwrite av-small-font-size-10 av-mini-font-size-overwrite av-mini-font-size-10'  itemprop=\"name\" >U18G Saison 2025-2026<\/h2><\/div><\/div><\/div><\/div><\/div><img decoding=\"async\" class=\"wp-image-9433 avia-img-lazy-loading-not-9433\"  src=\"https:\/\/www.bec-handball.fr\/BEC\/wp-content\/uploads\/2026\/02\/2025-2026-18G1.png\" width=\"1500\" height=\"430\" title='2025-2026 -18G1' alt=''  itemprop=\"thumbnailUrl\" srcset=\"https:\/\/www.bec-handball.fr\/BEC\/wp-content\/uploads\/2026\/02\/2025-2026-18G1.png 1500w, https:\/\/www.bec-handball.fr\/BEC\/wp-content\/uploads\/2026\/02\/2025-2026-18G1-300x86.png 300w, https:\/\/www.bec-handball.fr\/BEC\/wp-content\/uploads\/2026\/02\/2025-2026-18G1-1030x295.png 1030w, https:\/\/www.bec-handball.fr\/BEC\/wp-content\/uploads\/2026\/02\/2025-2026-18G1-768x220.png 768w, https:\/\/www.bec-handball.fr\/BEC\/wp-content\/uploads\/2026\/02\/2025-2026-18G1-705x202.png 705w\" sizes=\"(max-width: 1500px) 100vw, 1500px\" \/><\/div><\/li><\/ul><div class='avia-slideshow-arrows avia-slideshow-controls'><a href='#prev' class='prev-slide' aria-hidden='true' data-av_icon='\ue87c' data-av_iconfont='entypo-fontello'>Pr\u00e9c\u00e9dent<\/a><a href='#next' class='next-slide' aria-hidden='true' data-av_icon='\ue87d' data-av_iconfont='entypo-fontello'>Suivant<\/a><\/div><div class='avia-slideshow-dots avia-slideshow-controls'><a href='#1' class='goto-slide active' >1<\/a><a href='#2' class='goto-slide ' >2<\/a><\/div><\/div><\/div><div id='after_full_slider_1'  class='main_color av_default_container_wrap container_wrap fullsize' style=' '  ><div class='container' ><div class='template-page content  av-content-full alpha units'><div class='post-entry post-entry-type-page post-entry-148'><div class='entry-content-wrapper clearfix'>\n<div class=\"flex_column av_one_half  flex_column_div av-zero-column-padding first  avia-builder-el-1  el_after_av_slideshow_full  el_before_av_one_half  avia-builder-el-first  \" style='border-radius:0px; '><p><div  style='padding-bottom:10px; ' class='av-special-heading av-special-heading-h3    avia-builder-el-2  el_before_av_team_member  avia-builder-el-first  '><h3 class='av-special-heading-tag '  itemprop=\"headline\"  >U17 Gar\u00e7ons<\/h3><div class='special-heading-border'><div class='special-heading-inner-border' ><\/div><\/div><\/div><br \/>\n<section  class='avia-team-member   avia-builder-el-3  el_after_av_heading  el_before_av_textblock '  itemscope=\"itemscope\" itemtype=\"https:\/\/schema.org\/Person\" ><h3 class='team-member-name'    itemprop=\"name\" ><\/p>\n<p><center>Yann GAUDEBERT<\/center><\/h3><div class='team-member-job-title '   itemprop=\"jobTitle\" ><\/p>\n<p><center>Entra\u00eeneur<\/center><\/div><div class='team-member-description '  itemprop=\"description\"  ><p><center>06.13.55.60.86<\/center><\/p>\n<\/div><span class='hidden team-member-affiliation'  itemprop=\"affiliation\" >BEC-HANDBALL<\/span><\/section><br \/>\n<section class=\"av_textblock_section \"  itemscope=\"itemscope\" itemtype=\"https:\/\/schema.org\/CreativeWork\" ><div class='avia_textblock  '   itemprop=\"text\" ><p><strong>Horaires des entra\u00eenements 2025\/2026<\/strong><\/p>\n<ul>\n<li><strong>Lundi<\/strong> 19h30 &#8211; 21h00, Gymnase ROBERT GENESTE<\/li>\n<li><strong>Mercredi<\/strong> 19h00 &#8211; 20h30, Salle JEAN DAUGUET (salle Girondins de Bx)<\/li>\n<li><strong>Vendredi<\/strong> 19h00 &#8211; 20h30, Gymnase ROBERT GENESTE<\/li>\n<\/ul>\n<p><em>Joueurs n\u00e9s en\u00a0 2009 \/ 2010 \/ 2011<\/em><\/p>\n<\/div><\/section><\/p><\/div>\n<div class=\"flex_column av_one_half  flex_column_div av-zero-column-padding   avia-builder-el-5  el_after_av_one_half  el_before_av_one_full  \" style='border-radius:0px; '><p><div  style='padding-bottom:10px; ' class='av-special-heading av-special-heading-h3    avia-builder-el-6  el_before_av_team_member  avia-builder-el-first  '><h3 class='av-special-heading-tag '  itemprop=\"headline\"  >U18 Gar\u00e7ons<\/h3><div class='special-heading-border'><div class='special-heading-inner-border' ><\/div><\/div><\/div><br \/>\n<section  class='avia-team-member   avia-builder-el-7  el_after_av_heading  el_before_av_team_member '  itemscope=\"itemscope\" itemtype=\"https:\/\/schema.org\/Person\" ><h3 class='team-member-name'    itemprop=\"name\" ><\/p>\n<p><center>C\u00e9lia RENON<\/center><\/h3><div class='team-member-job-title '   itemprop=\"jobTitle\" ><\/p>\n<p><center>Entra\u00eeneur<\/center><\/div><div class='team-member-description '  itemprop=\"description\"  ><p><center>06.95.76.64.62<\/center><\/p>\n<\/div><span class='hidden team-member-affiliation'  itemprop=\"affiliation\" >BEC-HANDBALL<\/span><\/section><br \/>\n<section  class='avia-team-member   avia-builder-el-8  el_after_av_team_member  el_before_av_team_member '  itemscope=\"itemscope\" itemtype=\"https:\/\/schema.org\/Person\" ><h3 class='team-member-name'    itemprop=\"name\" ><\/p>\n<p><center>Cl\u00e9a JUIF<\/center><\/h3><div class='team-member-job-title '   itemprop=\"jobTitle\" ><\/p>\n<p><center>Entra\u00eeneur<\/center><\/div><div class='team-member-description '  itemprop=\"description\"  ><p><center>06.43.59.58.23<\/center><\/p>\n<\/div><span class='hidden team-member-affiliation'  itemprop=\"affiliation\" >BEC-HANDBALL<\/span><\/section><br \/>\n<section  class='avia-team-member   avia-builder-el-9  el_after_av_team_member  el_before_av_textblock '  itemscope=\"itemscope\" itemtype=\"https:\/\/schema.org\/Person\" ><h3 class='team-member-name'    itemprop=\"name\" ><\/p>\n<p><center>Arthur PEYROUT<\/center><\/h3><div class='team-member-job-title '   itemprop=\"jobTitle\" ><\/p>\n<p><center>Entra\u00eeneur<\/center><\/div><span class='hidden team-member-affiliation'  itemprop=\"affiliation\" >BEC-HANDBALL<\/span><\/section><br \/>\n<section class=\"av_textblock_section \"  itemscope=\"itemscope\" itemtype=\"https:\/\/schema.org\/CreativeWork\" ><div class='avia_textblock  '   itemprop=\"text\" ><p><strong>Horaires des entra\u00eenements 2025\/2026<\/strong><\/p>\n<ul>\n<li><strong>Lundi<\/strong> 19h00 &#8211; 20h30, Gymnase Ellul (salle Girondins de Bx)<\/li>\n<li><strong>Mercredi<\/strong> 19h30 &#8211; 21h00, Gymnase ROBERT GENESTE<\/li>\n<\/ul>\n<p><em>Joueurs n\u00e9s en\u00a0 2008 \/ 2009 \/ 2010<\/em><\/p>\n<\/div><\/section><\/p><\/div>\n<div class=\"flex_column av_one_full  flex_column_div first  avia-builder-el-11  el_after_av_one_half  el_before_av_one_full  column-top-margin\" ><p><div   class='hr hr-default   avia-builder-el-12  el_before_av_tab_container  avia-builder-el-first '><span class='hr-inner ' ><span class='hr-inner-style'><\/span><\/span><\/div><br \/>\n<div  class=\"tabcontainer   top_tab   avia-builder-el-13  el_after_av_hr  avia-builder-el-last \" role=\"tablist\">\n\n<section class=\"av_tab_section\"  itemscope=\"itemscope\" itemtype=\"https:\/\/schema.org\/CreativeWork\" ><div aria-controls=\"tab-id-1\" role=\"tab\" tabindex=\"0\" data-fake-id=\"#tab-id-1\" class=\"tab \"  itemprop=\"headline\" >U17<\/div>\n<div id=\"tab-id-1\" class=\"tab_content \" aria-hidden=\"true\">\n<div class=\"tab_inner_content invers-color\"  itemprop=\"text\" >\n<p><iframe loading=\"lazy\" src=\"https:\/\/www.ffhandball.fr\/competitions\/saison-2025-2026-21\/regional\/region-elite-u17-masculins-28623\/poule-181550\/\" width=\"100%\" height=\"1800\" frameborder=\"0\"><\/iframe><\/p>\n\n<\/div>\n<\/div>\n<\/section>\n\n<section class=\"av_tab_section\"  itemscope=\"itemscope\" itemtype=\"https:\/\/schema.org\/CreativeWork\" ><div aria-controls=\"tab-id-2\" role=\"tab\" tabindex=\"0\" data-fake-id=\"#tab-id-2\" class=\"tab active_tab\"  itemprop=\"headline\" >U18G1<\/div>\n<div id=\"tab-id-2\" class=\"tab_content active_tab_content\" aria-hidden=\"false\">\n<div class=\"tab_inner_content invers-color\"  itemprop=\"text\" >\n<p><iframe loading=\"lazy\" src=\"https:\/\/www.ffhandball.fr\/competitions\/saison-2025-2026-21\/departemental\/gironde-u18-masculins-28518\/poule-181541\/\" width=\"100%\" height=\"1800\" frameborder=\"0\"><\/iframe><\/p>\n\n<\/div>\n<\/div>\n<\/section>\n\n<section class=\"av_tab_section\"  itemscope=\"itemscope\" itemtype=\"https:\/\/schema.org\/CreativeWork\" ><div aria-controls=\"tab-id-3\" role=\"tab\" tabindex=\"0\" data-fake-id=\"#tab-id-3\" class=\"tab \"  itemprop=\"headline\" >U18G2<\/div>\n<div id=\"tab-id-3\" class=\"tab_content \" aria-hidden=\"true\">\n<div class=\"tab_inner_content invers-color\"  itemprop=\"text\" >\n<p><iframe loading=\"lazy\" src=\"https:\/\/www.ffhandball.fr\/competitions\/saison-2025-2026-21\/departemental\/gironde-u18-masculins-28518\/poule-181547\/\" width=\"100%\" height=\"1800\" frameborder=\"0\"><\/iframe><\/p>\n\n<\/div>\n<\/div>\n<\/section>\n\n<\/div>\n<\/p><\/div>\n<div class=\"flex_column av_one_full  flex_column_div first  avia-builder-el-14  el_after_av_one_full  avia-builder-el-last  column-top-margin\" ><p><div   class='hr hr-default   avia-builder-el-15  el_before_av_blog  avia-builder-el-first '><span class='hr-inner ' ><span class='hr-inner-style'><\/span><\/span><\/div><br \/>\n<div   data-autoplay=''  data-interval='5'  data-animation='fade'  data-show_slide_delay='90'  class='avia-content-slider avia-content-grid-active avia-content-slider1 avia-content-slider-even  avia-builder-el-16  el_after_av_hr  avia-builder-el-last  '  itemscope=\"itemscope\" itemtype=\"https:\/\/schema.org\/Blog\" ><div class='avia-content-slider-inner'><div class='slide-entry-wrap'><article class='slide-entry flex_column  post-entry post-entry-8139 slide-entry-overview slide-loop-1 slide-parity-odd  post-entry-last  av_one_fourth first real-thumbnail post-format-standard'  itemscope=\"itemscope\" itemtype=\"https:\/\/schema.org\/CreativeWork\" ><a href='https:\/\/www.bec-handball.fr\/BEC\/renouvellement-le-passsport-allocation-rentree-sportive-de-50-euros-3-3\/' data-rel='slide-1' class='slide-image' title='INFO : Le Pass\u2019Sport &#8211; allocation rentr\u00e9e sportive de 50 euros'><img decoding=\"async\" width=\"260\" height=\"185\" src=\"https:\/\/www.bec-handball.fr\/BEC\/wp-content\/uploads\/2023\/09\/PassSport2022VisuelTV_2eDegre-260x185.png\" class=\"wp-image-8140 avia-img-lazy-loading-not-8140 attachment-portfolio_small size-portfolio_small wp-post-image\" alt=\"\" \/><\/a><div class='slide-content'><header class=\"entry-content-header\"><span class=\"blog-categories minor-meta\"><a href=\"https:\/\/www.bec-handball.fr\/BEC\/category\/11-mixte\/\" rel=\"tag\">-11-mixte<\/a>, <a href=\"https:\/\/www.bec-handball.fr\/BEC\/category\/13-filles\/\" rel=\"tag\">-13 Filles<\/a>, <a href=\"https:\/\/www.bec-handball.fr\/BEC\/category\/13-garcons\/\" rel=\"tag\">-13 Gar\u00e7ons<\/a>, <a href=\"https:\/\/www.bec-handball.fr\/BEC\/category\/15-filles\/\" rel=\"tag\">-15 Filles<\/a>, <a href=\"https:\/\/www.bec-handball.fr\/BEC\/category\/15-garcons\/\" rel=\"tag\">-15 Gar\u00e7ons<\/a>, <a href=\"https:\/\/www.bec-handball.fr\/BEC\/category\/18-filles\/\" rel=\"tag\">-18 Filles<\/a>, <a href=\"https:\/\/www.bec-handball.fr\/BEC\/category\/18-garcons\/\" rel=\"tag\">-18 Gar\u00e7ons<\/a>, <a href=\"https:\/\/www.bec-handball.fr\/BEC\/category\/ecole-de-hand\/\" rel=\"tag\">Ecole de Hand<\/a> <\/span><h3 class='slide-entry-title entry-title '  itemprop=\"headline\" ><a href='https:\/\/www.bec-handball.fr\/BEC\/renouvellement-le-passsport-allocation-rentree-sportive-de-50-euros-3-3\/' title='INFO : Le Pass\u2019Sport &#8211; allocation rentr\u00e9e sportive de 50 euros'>INFO : Le Pass\u2019Sport &#8211; allocation rentr\u00e9e sportive de 50 euros<\/a><\/h3><span class=\"av-vertical-delimiter\"><\/span><\/header><div class='slide-entry-excerpt entry-content'  itemprop=\"text\" >Le Pass\u2019Sport revient pour la saison 2023-2024 !\r\nLe Pass'sport est une\u00a0 allocation de rentr\u00e9e sportive de 50 euros par enfant pour financer tout ou partie de son inscription dans une association sportive volontaire et lui permettre de participer\u2026<\/div><\/div><footer class=\"entry-footer\"><div class='slide-meta'><time class='slide-meta-time updated'  itemprop=\"datePublished\" datetime=\"2023-09-03T09:56:21+02:00\" >3 septembre 2023<\/time><\/div><\/footer><span class='hidden'>\n\t\t\t\t<span class='av-structured-data'  itemprop=\"image\" itemscope=\"itemscope\" itemtype=\"https:\/\/schema.org\/ImageObject\" >\n\t\t\t\t\t\t<span itemprop='url'>https:\/\/www.bec-handball.fr\/BEC\/wp-content\/uploads\/2023\/09\/PassSport2022VisuelTV_2eDegre.png<\/span>\n\t\t\t\t\t\t<span itemprop='height'>1080<\/span>\n\t\t\t\t\t\t<span itemprop='width'>1920<\/span>\n\t\t\t\t<\/span>\n\t\t\t\t<span class='av-structured-data'  itemprop=\"publisher\" itemtype=\"https:\/\/schema.org\/Organization\" itemscope=\"itemscope\" >\n\t\t\t\t\t\t<span itemprop='name'>Emilie Serf<\/span>\n\t\t\t\t\t\t<span itemprop='logo' itemscope itemtype='https:\/\/schema.org\/ImageObject'>\n\t\t\t\t\t\t\t<span itemprop='url'>https:\/\/www.bec-handball.fr\/BEC\/wp-content\/uploads\/2026\/02\/Logo-BEC-HANDBALL-RB-transparent-258x300.png<\/span>\n\t\t\t\t\t\t <\/span>\n\t\t\t\t<\/span><span class='av-structured-data'  itemprop=\"author\" itemscope=\"itemscope\" itemtype=\"https:\/\/schema.org\/Person\" ><span itemprop='name'>Emilie Serf<\/span><\/span><span class='av-structured-data'  itemprop=\"datePublished\" datetime=\"2014-08-19T09:50:15+02:00\" >2023-09-03 09:56:21<\/span><span class='av-structured-data'  itemprop=\"dateModified\" itemtype=\"https:\/\/schema.org\/dateModified\" >2026-03-23 17:15:51<\/span><span class='av-structured-data'  itemprop=\"mainEntityOfPage\" itemtype=\"https:\/\/schema.org\/mainEntityOfPage\" ><span itemprop='name'>INFO : Le Pass\u2019Sport &#8211; allocation rentr\u00e9e sportive de 50 euros<\/span><\/span><\/span><\/article><\/div><\/div><\/div><\/p><\/div>\n","protected":false},"excerpt":{"rendered":"","protected":false},"author":1,"featured_media":0,"parent":0,"menu_order":21,"comment_status":"open","ping_status":"closed","template":"","meta":{"footnotes":""},"class_list":["post-148","page","type-page","status-publish","hentry"],"yoast_head":"<!-- This site is optimized with the Yoast SEO plugin v27.5 - https:\/\/yoast.com\/product\/yoast-seo-wordpress\/ -->\n<title>U17\/U18 Gar\u00e7ons - BEC-HANDBALL<\/title>\n<meta name=\"description\" content=\"Equipe -18 Gar\u00e7ons de la section Handball du Bordeaux \u00e9tudiants Club (BEC)\" \/>\n<meta name=\"robots\" content=\"index, follow, max-snippet:-1, max-image-preview:large, max-video-preview:-1\" \/>\n<link rel=\"canonical\" href=\"https:\/\/www.bec-handball.fr\/BEC\/18g\/\" \/>\n<meta property=\"og:locale\" content=\"fr_FR\" \/>\n<meta property=\"og:type\" content=\"article\" \/>\n<meta property=\"og:title\" content=\"U17\/U18 Gar\u00e7ons - BEC-HANDBALL\" \/>\n<meta property=\"og:description\" content=\"Equipe -18 Gar\u00e7ons de la section Handball du Bordeaux \u00e9tudiants Club (BEC)\" \/>\n<meta property=\"og:url\" content=\"https:\/\/www.bec-handball.fr\/BEC\/18g\/\" \/>\n<meta property=\"og:site_name\" content=\"BEC-HANDBALL\" \/>\n<meta property=\"article:publisher\" content=\"https:\/\/www.facebook.com\/BordeauxEtudiantsClubHandball\" \/>\n<meta property=\"article:modified_time\" content=\"2026-02-23T14:48:47+00:00\" \/>\n<meta name=\"twitter:card\" content=\"summary_large_image\" \/>\n<meta name=\"twitter:site\" content=\"@BECHandBall\" \/>\n<meta name=\"twitter:label1\" content=\"Dur\u00e9e de lecture estim\u00e9e\" \/>\n\t<meta name=\"twitter:data1\" content=\"3 minutes\" \/>\n<script type=\"application\/ld+json\" class=\"yoast-schema-graph\">{\"@context\":\"https:\\\/\\\/schema.org\",\"@graph\":[{\"@type\":\"WebPage\",\"@id\":\"https:\\\/\\\/www.bec-handball.fr\\\/BEC\\\/18g\\\/\",\"url\":\"https:\\\/\\\/www.bec-handball.fr\\\/BEC\\\/18g\\\/\",\"name\":\"U17\\\/U18 Gar\u00e7ons - BEC-HANDBALL\",\"isPartOf\":{\"@id\":\"https:\\\/\\\/www.bec-handball.fr\\\/BEC\\\/#website\"},\"datePublished\":\"2014-08-19T08:50:15+00:00\",\"dateModified\":\"2026-02-23T14:48:47+00:00\",\"description\":\"Equipe -18 Gar\u00e7ons de la section Handball du Bordeaux \u00e9tudiants Club (BEC)\",\"breadcrumb\":{\"@id\":\"https:\\\/\\\/www.bec-handball.fr\\\/BEC\\\/18g\\\/#breadcrumb\"},\"inLanguage\":\"fr-FR\",\"potentialAction\":[{\"@type\":\"ReadAction\",\"target\":[\"https:\\\/\\\/www.bec-handball.fr\\\/BEC\\\/18g\\\/\"]}]},{\"@type\":\"BreadcrumbList\",\"@id\":\"https:\\\/\\\/www.bec-handball.fr\\\/BEC\\\/18g\\\/#breadcrumb\",\"itemListElement\":[{\"@type\":\"ListItem\",\"position\":1,\"name\":\"Accueil\",\"item\":\"https:\\\/\\\/www.bec-handball.fr\\\/BEC\\\/\"},{\"@type\":\"ListItem\",\"position\":2,\"name\":\"U17\\\/U18 Gar\u00e7ons\"}]},{\"@type\":\"WebSite\",\"@id\":\"https:\\\/\\\/www.bec-handball.fr\\\/BEC\\\/#website\",\"url\":\"https:\\\/\\\/www.bec-handball.fr\\\/BEC\\\/\",\"name\":\"BEC-HANDBALL\",\"description\":\"\",\"publisher\":{\"@id\":\"https:\\\/\\\/www.bec-handball.fr\\\/BEC\\\/#organization\"},\"potentialAction\":[{\"@type\":\"SearchAction\",\"target\":{\"@type\":\"EntryPoint\",\"urlTemplate\":\"https:\\\/\\\/www.bec-handball.fr\\\/BEC\\\/?s={search_term_string}\"},\"query-input\":{\"@type\":\"PropertyValueSpecification\",\"valueRequired\":true,\"valueName\":\"search_term_string\"}}],\"inLanguage\":\"fr-FR\"},{\"@type\":\"Organization\",\"@id\":\"https:\\\/\\\/www.bec-handball.fr\\\/BEC\\\/#organization\",\"name\":\"BEC-HANDBALL\",\"url\":\"https:\\\/\\\/www.bec-handball.fr\\\/BEC\\\/\",\"logo\":{\"@type\":\"ImageObject\",\"inLanguage\":\"fr-FR\",\"@id\":\"https:\\\/\\\/www.bec-handball.fr\\\/BEC\\\/#\\\/schema\\\/logo\\\/image\\\/\",\"url\":\"https:\\\/\\\/www.bec-handball.fr\\\/BEC\\\/wp-content\\\/uploads\\\/2023\\\/07\\\/cropped-LOGO-BEC-CARRE-WEB.png\",\"contentUrl\":\"https:\\\/\\\/www.bec-handball.fr\\\/BEC\\\/wp-content\\\/uploads\\\/2023\\\/07\\\/cropped-LOGO-BEC-CARRE-WEB.png\",\"width\":512,\"height\":512,\"caption\":\"BEC-HANDBALL\"},\"image\":{\"@id\":\"https:\\\/\\\/www.bec-handball.fr\\\/BEC\\\/#\\\/schema\\\/logo\\\/image\\\/\"},\"sameAs\":[\"https:\\\/\\\/www.facebook.com\\\/BordeauxEtudiantsClubHandball\",\"https:\\\/\\\/x.com\\\/BECHandBall\",\"https:\\\/\\\/www.instagram.com\\\/bechandball\\\/\"]}]}<\/script>\n<!-- \/ Yoast SEO plugin. -->","yoast_head_json":{"title":"U17\/U18 Gar\u00e7ons - BEC-HANDBALL","description":"Equipe -18 Gar\u00e7ons de la section Handball du Bordeaux \u00e9tudiants Club (BEC)","robots":{"index":"index","follow":"follow","max-snippet":"max-snippet:-1","max-image-preview":"max-image-preview:large","max-video-preview":"max-video-preview:-1"},"canonical":"https:\/\/www.bec-handball.fr\/BEC\/18g\/","og_locale":"fr_FR","og_type":"article","og_title":"U17\/U18 Gar\u00e7ons - BEC-HANDBALL","og_description":"Equipe -18 Gar\u00e7ons de la section Handball du Bordeaux \u00e9tudiants Club (BEC)","og_url":"https:\/\/www.bec-handball.fr\/BEC\/18g\/","og_site_name":"BEC-HANDBALL","article_publisher":"https:\/\/www.facebook.com\/BordeauxEtudiantsClubHandball","article_modified_time":"2026-02-23T14:48:47+00:00","twitter_card":"summary_large_image","twitter_site":"@BECHandBall","twitter_misc":{"Dur\u00e9e de lecture estim\u00e9e":"3 minutes"},"schema":{"@context":"https:\/\/schema.org","@graph":[{"@type":"WebPage","@id":"https:\/\/www.bec-handball.fr\/BEC\/18g\/","url":"https:\/\/www.bec-handball.fr\/BEC\/18g\/","name":"U17\/U18 Gar\u00e7ons - BEC-HANDBALL","isPartOf":{"@id":"https:\/\/www.bec-handball.fr\/BEC\/#website"},"datePublished":"2014-08-19T08:50:15+00:00","dateModified":"2026-02-23T14:48:47+00:00","description":"Equipe -18 Gar\u00e7ons de la section Handball du Bordeaux \u00e9tudiants Club (BEC)","breadcrumb":{"@id":"https:\/\/www.bec-handball.fr\/BEC\/18g\/#breadcrumb"},"inLanguage":"fr-FR","potentialAction":[{"@type":"ReadAction","target":["https:\/\/www.bec-handball.fr\/BEC\/18g\/"]}]},{"@type":"BreadcrumbList","@id":"https:\/\/www.bec-handball.fr\/BEC\/18g\/#breadcrumb","itemListElement":[{"@type":"ListItem","position":1,"name":"Accueil","item":"https:\/\/www.bec-handball.fr\/BEC\/"},{"@type":"ListItem","position":2,"name":"U17\/U18 Gar\u00e7ons"}]},{"@type":"WebSite","@id":"https:\/\/www.bec-handball.fr\/BEC\/#website","url":"https:\/\/www.bec-handball.fr\/BEC\/","name":"BEC-HANDBALL","description":"","publisher":{"@id":"https:\/\/www.bec-handball.fr\/BEC\/#organization"},"potentialAction":[{"@type":"SearchAction","target":{"@type":"EntryPoint","urlTemplate":"https:\/\/www.bec-handball.fr\/BEC\/?s={search_term_string}"},"query-input":{"@type":"PropertyValueSpecification","valueRequired":true,"valueName":"search_term_string"}}],"inLanguage":"fr-FR"},{"@type":"Organization","@id":"https:\/\/www.bec-handball.fr\/BEC\/#organization","name":"BEC-HANDBALL","url":"https:\/\/www.bec-handball.fr\/BEC\/","logo":{"@type":"ImageObject","inLanguage":"fr-FR","@id":"https:\/\/www.bec-handball.fr\/BEC\/#\/schema\/logo\/image\/","url":"https:\/\/www.bec-handball.fr\/BEC\/wp-content\/uploads\/2023\/07\/cropped-LOGO-BEC-CARRE-WEB.png","contentUrl":"https:\/\/www.bec-handball.fr\/BEC\/wp-content\/uploads\/2023\/07\/cropped-LOGO-BEC-CARRE-WEB.png","width":512,"height":512,"caption":"BEC-HANDBALL"},"image":{"@id":"https:\/\/www.bec-handball.fr\/BEC\/#\/schema\/logo\/image\/"},"sameAs":["https:\/\/www.facebook.com\/BordeauxEtudiantsClubHandball","https:\/\/x.com\/BECHandBall","https:\/\/www.instagram.com\/bechandball\/"]}]}},"_links":{"self":[{"href":"https:\/\/www.bec-handball.fr\/BEC\/wp-json\/wp\/v2\/pages\/148","targetHints":{"allow":["GET"]}}],"collection":[{"href":"https:\/\/www.bec-handball.fr\/BEC\/wp-json\/wp\/v2\/pages"}],"about":[{"href":"https:\/\/www.bec-handball.fr\/BEC\/wp-json\/wp\/v2\/types\/page"}],"author":[{"embeddable":true,"href":"https:\/\/www.bec-handball.fr\/BEC\/wp-json\/wp\/v2\/users\/1"}],"replies":[{"embeddable":true,"href":"https:\/\/www.bec-handball.fr\/BEC\/wp-json\/wp\/v2\/comments?post=148"}],"version-history":[{"count":49,"href":"https:\/\/www.bec-handball.fr\/BEC\/wp-json\/wp\/v2\/pages\/148\/revisions"}],"predecessor-version":[{"id":9432,"href":"https:\/\/www.bec-handball.fr\/BEC\/wp-json\/wp\/v2\/pages\/148\/revisions\/9432"}],"wp:attachment":[{"href":"https:\/\/www.bec-handball.fr\/BEC\/wp-json\/wp\/v2\/media?parent=148"}],"curies":[{"name":"wp","href":"https:\/\/api.w.org\/{rel}","templated":true}]}}